{"id":238835,"date":"2023-02-02T16:49:06","date_gmt":"2023-02-02T15:49:06","guid":{"rendered":"https:\/\/legal-pilot.com\/?page_id=238835"},"modified":"2026-03-17T11:23:20","modified_gmt":"2026-03-17T10:23:20","slug":"legal-pilot-newsletter","status":"publish","type":"page","link":"https:\/\/legal-pilot.com\/en\/legal-pilot-newsletter\/","title":{"rendered":"Legal Pilot Newsletter"},"content":{"rendered":"<div data-elementor-type=\"wp-page\" data-elementor-id=\"238835\" class=\"elementor elementor-238835\" data-elementor-post-type=\"page\">\n\t\t\t\t\t\t<section class=\"has_eae_slider elementor-section elementor-top-section elementor-element elementor-element-88505bf elementor-section-boxed elementor-section-height-default elementor-section-height-default wpr-particle-no wpr-jarallax-no wpr-parallax-no wpr-sticky-section-no wpr-equal-height-no\" data-eae-slider=\"36243\" data-id=\"88505bf\" data-element_type=\"section\" data-settings=\"{&quot;background_background&quot;:&quot;classic&quot;}\">\n\t\t\t\t\t\t<div class=\"elementor-container elementor-column-gap-default\">\n\t\t\t\t\t<div class=\"has_eae_slider elementor-column elementor-col-50 elementor-top-column elementor-element elementor-element-b84c548\" data-eae-slider=\"41547\" data-id=\"b84c548\" data-element_type=\"column\">\n\t\t\t<div class=\"elementor-widget-wrap elementor-element-populated\">\n\t\t\t\t\t\t<div class=\"elementor-element elementor-element-abba982 elementor-widget elementor-widget-image\" data-id=\"abba982\" data-element_type=\"widget\" data-widget_type=\"image.default\">\n\t\t\t\t<div class=\"elementor-widget-container\">\n\t\t\t\t\t\t\t\t\t\t\t\t\t<img fetchpriority=\"high\" decoding=\"async\" width=\"640\" height=\"158\" src=\"https:\/\/legal-pilot.com\/wp-content\/uploads\/2023\/03\/COPILOT-SOLO-logo.png\" class=\"attachment-large size-large wp-image-239367\" alt=\"\" srcset=\"https:\/\/legal-pilot.com\/wp-content\/uploads\/2023\/03\/COPILOT-SOLO-logo.png 640w, https:\/\/legal-pilot.com\/wp-content\/uploads\/2023\/03\/COPILOT-SOLO-logo-300x74.png 300w, https:\/\/legal-pilot.com\/wp-content\/uploads\/2023\/03\/COPILOT-SOLO-logo-18x4.png 18w\" sizes=\"(max-width: 640px) 100vw, 640px\" \/>\t\t\t\t\t\t\t\t\t\t\t\t\t<\/div>\n\t\t\t\t<\/div>\n\t\t\t\t<div class=\"elementor-element elementor-element-dddff1b elementor-widget elementor-widget-heading\" data-id=\"dddff1b\" data-element_type=\"widget\" data-widget_type=\"heading.default\">\n\t\t\t\t<div class=\"elementor-widget-container\">\n\t\t\t<h1 class=\"elementor-heading-title elementor-size-default\">The newsletter of the <br><strong>inspiring lawyers<\/strong><\/h1>\t\t<\/div>\n\t\t\t\t<\/div>\n\t\t\t\t<section class=\"has_eae_slider elementor-section elementor-inner-section elementor-element elementor-element-734340b elementor-section-full_width elementor-section-height-default elementor-section-height-default wpr-particle-no wpr-jarallax-no wpr-parallax-no wpr-sticky-section-no wpr-equal-height-no\" data-eae-slider=\"68504\" data-id=\"734340b\" data-element_type=\"section\">\n\t\t\t\t\t\t<div class=\"elementor-container elementor-column-gap-default\">\n\t\t\t\t\t<div class=\"has_eae_slider elementor-column elementor-col-100 elementor-inner-column elementor-element elementor-element-ebc15f0\" data-eae-slider=\"44592\" data-id=\"ebc15f0\" data-element_type=\"column\">\n\t\t\t<div class=\"elementor-widget-wrap elementor-element-populated\">\n\t\t\t\t\t\t<div class=\"elementor-element elementor-element-d98dd7a elementor-widget elementor-widget-text-editor\" data-id=\"d98dd7a\" data-element_type=\"widget\" data-widget_type=\"text-editor.default\">\n\t\t\t\t<div class=\"elementor-widget-container\">\n\t\t\t\t\t\t\t<p><strong>Tout droit venue du futur, Co-Pilot est une newsletter francophone, gratuite<\/strong>which takes you on a journey to discover the new world of <strong>legal ops<\/strong>at the edge of the universe of the <strong>contract management<\/strong>in the abyssal depths of the <strong>compliance<\/strong> and takes you to new heights with soft skills.<\/p><h2>A must-read for the <strong>innovative legal professionals from France<\/strong> !<\/h2>\t\t\t\t\t\t<\/div>\n\t\t\t\t<\/div>\n\t\t\t\t<div class=\"elementor-element elementor-element-9bfaf08 elementor-align-center elementor-mobile-align-left elementor-widget elementor-widget-button\" data-id=\"9bfaf08\" data-element_type=\"widget\" data-widget_type=\"button.default\">\n\t\t\t\t<div class=\"elementor-widget-container\">\n\t\t\t\t\t\t\t<div class=\"elementor-button-wrapper\">\n\t\t\t\t\t<a class=\"elementor-button elementor-button-link elementor-size-sm\" href=\"#NLLP\">\n\t\t\t\t\t\t<span class=\"elementor-button-content-wrapper\">\n\t\t\t\t\t\t\t\t\t<span class=\"elementor-button-text\">Register for free<\/span>\n\t\t\t\t\t<\/span>\n\t\t\t\t\t<\/a>\n\t\t\t\t<\/div>\n\t\t\t\t\t\t<\/div>\n\t\t\t\t<\/div>\n\t\t\t\t\t<\/div>\n\t\t<\/div>\n\t\t\t\t\t<\/div>\n\t\t<\/section>\n\t\t\t\t\t<\/div>\n\t\t<\/div>\n\t\t\t\t<div class=\"has_eae_slider elementor-column elementor-col-50 elementor-top-column elementor-element elementor-element-028d3d7\" data-eae-slider=\"25913\" data-id=\"028d3d7\" data-element_type=\"column\" data-settings=\"{&quot;background_background&quot;:&quot;classic&quot;}\">\n\t\t\t<div class=\"elementor-widget-wrap elementor-element-populated\">\n\t\t\t\t\t\t<div class=\"elementor-element elementor-element-c1fb2b8 elementor-widget elementor-widget-image\" data-id=\"c1fb2b8\" data-element_type=\"widget\" data-widget_type=\"image.default\">\n\t\t\t\t<div class=\"elementor-widget-container\">\n\t\t\t\t\t\t\t\t\t\t\t\t\t<img decoding=\"async\" width=\"736\" height=\"820\" src=\"https:\/\/legal-pilot.com\/wp-content\/uploads\/2023\/02\/LP-ROBOT-AI-NL.png\" class=\"attachment-large size-large wp-image-239020\" alt=\"Legal Pilot AI newsletter\" srcset=\"https:\/\/legal-pilot.com\/wp-content\/uploads\/2023\/02\/LP-ROBOT-AI-NL.png 736w, https:\/\/legal-pilot.com\/wp-content\/uploads\/2023\/02\/LP-ROBOT-AI-NL-269x300.png 269w, https:\/\/legal-pilot.com\/wp-content\/uploads\/2023\/02\/LP-ROBOT-AI-NL-11x12.png 11w\" sizes=\"(max-width: 736px) 100vw, 736px\" \/>\t\t\t\t\t\t\t\t\t\t\t\t\t<\/div>\n\t\t\t\t<\/div>\n\t\t\t\t\t<\/div>\n\t\t<\/div>\n\t\t\t\t\t<\/div>\n\t\t<\/section>\n\t\t\t\t<section class=\"has_eae_slider elementor-section elementor-top-section elementor-element elementor-element-75db20a elementor-section-boxed elementor-section-height-default elementor-section-height-default wpr-particle-no wpr-jarallax-no wpr-parallax-no wpr-sticky-section-no wpr-equal-height-no\" data-eae-slider=\"95934\" data-id=\"75db20a\" data-element_type=\"section\" data-settings=\"{&quot;background_background&quot;:&quot;classic&quot;}\">\n\t\t\t\t\t\t<div class=\"elementor-container elementor-column-gap-default\">\n\t\t\t\t\t<div class=\"has_eae_slider elementor-column elementor-col-100 elementor-top-column elementor-element elementor-element-781a7e5\" data-eae-slider=\"195\" data-id=\"781a7e5\" data-element_type=\"column\">\n\t\t\t<div class=\"elementor-widget-wrap elementor-element-populated\">\n\t\t\t\t\t\t<section class=\"has_eae_slider elementor-section elementor-inner-section elementor-element elementor-element-6d1798d elementor-section-boxed elementor-section-height-default elementor-section-height-default wpr-particle-no wpr-jarallax-no wpr-parallax-no wpr-sticky-section-no wpr-equal-height-no\" data-eae-slider=\"86997\" data-id=\"6d1798d\" data-element_type=\"section\" id=\"#NLLP\">\n\t\t\t\t\t\t<div class=\"elementor-container elementor-column-gap-default\">\n\t\t\t\t\t<div class=\"has_eae_slider elementor-column elementor-col-50 elementor-inner-column elementor-element elementor-element-8d9a213\" data-eae-slider=\"28220\" data-id=\"8d9a213\" data-element_type=\"column\" id=\"NLLP\">\n\t\t\t<div class=\"elementor-widget-wrap elementor-element-populated\">\n\t\t\t\t\t\t<div class=\"elementor-element elementor-element-dc10318 elementor-widget elementor-widget-heading\" data-id=\"dc10318\" data-element_type=\"widget\" data-widget_type=\"heading.default\">\n\t\t\t\t<div class=\"elementor-widget-container\">\n\t\t\t<h2 class=\"elementor-heading-title elementor-size-default\">Register now<\/h2>\t\t<\/div>\n\t\t\t\t<\/div>\n\t\t\t\t<div class=\"elementor-element elementor-element-0efe472 elementor-widget elementor-widget-html\" data-id=\"0efe472\" data-element_type=\"widget\" data-widget_type=\"html.default\">\n\t\t\t\t<div class=\"elementor-widget-container\">\n\t\t\t<script charset=\"utf-8\" type=\"text\/javascript\" src=\"\/\/js.hsforms.net\/forms\/v2.js\"><\/script>\r\n<script>\r\n  hbspt.forms.create({\r\n    region: \"na1\",\r\n    portalId: \"4603017\",\r\n    formId: \"3a8b83fe-7a77-47dc-a972-8e17c283971e\",\r\n    version: \"V2_PRERELEASE\"\r\n  });\r\n<\/script> \t\t<\/div>\n\t\t\t\t<\/div>\n\t\t\t\t\t<\/div>\n\t\t<\/div>\n\t\t\t\t<div class=\"has_eae_slider elementor-column elementor-col-50 elementor-inner-column elementor-element elementor-element-f98f3f4\" data-eae-slider=\"84150\" data-id=\"f98f3f4\" data-element_type=\"column\">\n\t\t\t<div class=\"elementor-widget-wrap elementor-element-populated\">\n\t\t\t\t\t\t<div class=\"elementor-element elementor-element-a1969d8 elementor-widget elementor-widget-heading\" data-id=\"a1969d8\" data-element_type=\"widget\" data-widget_type=\"heading.default\">\n\t\t\t\t<div class=\"elementor-widget-container\">\n\t\t\t<h3 class=\"elementor-heading-title elementor-size-default\">Our mission?<\/h3>\t\t<\/div>\n\t\t\t\t<\/div>\n\t\t\t\t<div class=\"elementor-element elementor-element-149857c elementor-widget elementor-widget-text-editor\" data-id=\"149857c\" data-element_type=\"widget\" data-widget_type=\"text-editor.default\">\n\t\t\t\t<div class=\"elementor-widget-container\">\n\t\t\t\t\t\t\t<p><strong>What we are trying to achieve:<\/strong>\u00a0to federate a community whose objective is innovation, to encourage meetings, the sharing of experiences and good practices, in order to raise the level of lawyers in areas related to law, but which you were never taught at university!<\/p><p><strong>Why it matters:<\/strong> l\u2019entreprise en 2026 attend toujours plus des juristes, sans pour autant leur accorder les moyens financiers et temporels pour atteindre leurs objectifs.<\/p><p>Faced with injunctions to innovate, to become a business partner, with the increasing complexity of legislation and the multiplication of areas of intervention, lawyers are understaffed and their time is limited.<\/p><p>Either you don't know where to find qualitative information to help you better organise your work, or you don't have the leisure or time to go looking for this information: that's where Legal Pilot enters the race track!<\/p><p><strong>How we intend to achieve our goals:<\/strong>\u00a0thanks to you in fact! We share content produced by us, but also the best of what we find on the internet and social networks!<\/p><p><strong>What you can expect to find by subscribing:<\/strong>\u00a0two things.<\/p><p>On the one hand, content related to Legal Pilot, of course: the interest and benefits of a contract management solution, all the new products, our news and our agenda.<\/p><p>On the other hand, content selected from the internet by our team or submitted by jurists, lawyers, consultants, eager to share their knowledge and experience with the rest of the community.<\/p>\t\t\t\t\t\t<\/div>\n\t\t\t\t<\/div>\n\t\t\t\t\t<\/div>\n\t\t<\/div>\n\t\t\t\t\t<\/div>\n\t\t<\/section>\n\t\t\t\t\t<\/div>\n\t\t<\/div>\n\t\t\t\t\t<\/div>\n\t\t<\/section>\n\t\t\t\t<section class=\"has_eae_slider elementor-section elementor-top-section elementor-element elementor-element-aec78d7 elementor-section-content-middle elementor-section-boxed elementor-section-height-default elementor-section-height-default wpr-particle-no wpr-jarallax-no wpr-parallax-no wpr-sticky-section-no wpr-equal-height-no\" data-eae-slider=\"108\" data-id=\"aec78d7\" data-element_type=\"section\" data-settings=\"{&quot;background_background&quot;:&quot;classic&quot;}\">\n\t\t\t\t\t\t<div class=\"elementor-container elementor-column-gap-default\">\n\t\t\t\t\t<div class=\"has_eae_slider elementor-column elementor-col-100 elementor-top-column elementor-element elementor-element-c4ec9fa\" data-eae-slider=\"89090\" data-id=\"c4ec9fa\" data-element_type=\"column\">\n\t\t\t<div class=\"elementor-widget-wrap elementor-element-populated\">\n\t\t\t\t\t\t<div class=\"elementor-element elementor-element-620195e elementor-widget elementor-widget-image\" data-id=\"620195e\" data-element_type=\"widget\" data-widget_type=\"image.default\">\n\t\t\t\t<div class=\"elementor-widget-container\">\n\t\t\t\t\t\t\t\t\t\t\t\t\t<img decoding=\"async\" width=\"800\" height=\"351\" src=\"https:\/\/legal-pilot.com\/wp-content\/uploads\/2023\/02\/VILLE-LP-FUTURE-1024x449.png\" class=\"attachment-large size-large wp-image-238953\" alt=\"\" srcset=\"https:\/\/legal-pilot.com\/wp-content\/uploads\/2023\/02\/VILLE-LP-FUTURE-1024x449.png 1024w, https:\/\/legal-pilot.com\/wp-content\/uploads\/2023\/02\/VILLE-LP-FUTURE-300x131.png 300w, https:\/\/legal-pilot.com\/wp-content\/uploads\/2023\/02\/VILLE-LP-FUTURE-768x337.png 768w, https:\/\/legal-pilot.com\/wp-content\/uploads\/2023\/02\/VILLE-LP-FUTURE-1536x673.png 1536w, https:\/\/legal-pilot.com\/wp-content\/uploads\/2023\/02\/VILLE-LP-FUTURE-18x8.png 18w, https:\/\/legal-pilot.com\/wp-content\/uploads\/2023\/02\/VILLE-LP-FUTURE.png 1844w\" sizes=\"(max-width: 800px) 100vw, 800px\" \/>\t\t\t\t\t\t\t\t\t\t\t\t\t<\/div>\n\t\t\t\t<\/div>\n\t\t\t\t\t<\/div>\n\t\t<\/div>\n\t\t\t\t\t<\/div>\n\t\t<\/section>\n\t\t\t\t<section class=\"has_eae_slider elementor-section elementor-top-section elementor-element elementor-element-5e57785 elementor-section-content-middle elementor-hidden-desktop elementor-hidden-tablet elementor-hidden-mobile elementor-section-boxed elementor-section-height-default elementor-section-height-default wpr-particle-no wpr-jarallax-no wpr-parallax-no wpr-sticky-section-no wpr-equal-height-no\" data-eae-slider=\"98227\" data-id=\"5e57785\" data-element_type=\"section\" data-settings=\"{&quot;background_background&quot;:&quot;classic&quot;}\">\n\t\t\t\t\t\t<div class=\"elementor-container elementor-column-gap-default\">\n\t\t\t\t\t<div class=\"has_eae_slider elementor-column elementor-col-33 elementor-top-column elementor-element elementor-element-d2cb570\" data-eae-slider=\"4611\" data-id=\"d2cb570\" data-element_type=\"column\">\n\t\t\t<div class=\"elementor-widget-wrap elementor-element-populated\">\n\t\t\t\t\t\t<section class=\"has_eae_slider elementor-section elementor-inner-section elementor-element elementor-element-bceb4e6 elementor-section-content-middle elementor-section-boxed elementor-section-height-default elementor-section-height-default wpr-particle-no wpr-jarallax-no wpr-parallax-no wpr-sticky-section-no wpr-equal-height-no\" data-eae-slider=\"89014\" data-id=\"bceb4e6\" data-element_type=\"section\">\n\t\t\t\t\t\t<div class=\"elementor-container elementor-column-gap-default\">\n\t\t\t\t\t<div class=\"has_eae_slider elementor-column elementor-col-100 elementor-inner-column elementor-element elementor-element-d1daf7a\" data-eae-slider=\"62069\" data-id=\"d1daf7a\" data-element_type=\"column\">\n\t\t\t<div class=\"elementor-widget-wrap elementor-element-populated\">\n\t\t\t\t\t\t<div class=\"elementor-element elementor-element-330e352 elementor-widget elementor-widget-text-editor\" data-id=\"330e352\" data-element_type=\"widget\" data-widget_type=\"text-editor.default\">\n\t\t\t\t<div class=\"elementor-widget-container\">\n\t\t\t\t\t\t\t<strong>Our content is aimed at augmented lawyers, business partners, compliance\/legal ops\/contract managers and innovative lawyers.<\/strong>\n\n<p>&nbsp;<\/p>\n\nThe newsletter is aimed at a French-speaking audience in search of innovation, who wish to feed their daily reflection in order to anticipate future developments and optimise the management of their professional practice thanks to soft skills, alternative competences (project management, knowledge management, communication, etc.), intelligent processes and technology.\n\n<p>&nbsp;<\/p>\n\n<p>So don't wait any longer,<\/p>\n<a style=\"font-weight: 900; color: white;\" href=\"#NLLP\">register now<\/a>\n<div class=\"animNLLP\"><\/div>\t\t\t\t\t\t<\/div>\n\t\t\t\t<\/div>\n\t\t\t\t\t<\/div>\n\t\t<\/div>\n\t\t\t\t\t<\/div>\n\t\t<\/section>\n\t\t\t\t\t<\/div>\n\t\t<\/div>\n\t\t\t\t<div class=\"has_eae_slider elementor-column elementor-col-33 elementor-top-column elementor-element elementor-element-f56c8cd\" data-eae-slider=\"50825\" data-id=\"f56c8cd\" data-element_type=\"column\">\n\t\t\t<div class=\"elementor-widget-wrap elementor-element-populated\">\n\t\t\t\t\t\t<section class=\"has_eae_slider elementor-section elementor-inner-section elementor-element elementor-element-2c9e3de elementor-section-content-middle elementor-section-boxed elementor-section-height-default elementor-section-height-default wpr-particle-no wpr-jarallax-no wpr-parallax-no wpr-sticky-section-no wpr-equal-height-no\" data-eae-slider=\"99226\" data-id=\"2c9e3de\" data-element_type=\"section\">\n\t\t\t\t\t\t<div class=\"elementor-container elementor-column-gap-default\">\n\t\t\t\t\t<div class=\"has_eae_slider elementor-column elementor-col-100 elementor-inner-column elementor-element elementor-element-b8b76e0\" data-eae-slider=\"13492\" data-id=\"b8b76e0\" data-element_type=\"column\">\n\t\t\t<div class=\"elementor-widget-wrap elementor-element-populated\">\n\t\t\t\t\t\t<div class=\"elementor-element elementor-element-4a4cabf elementor-widget elementor-widget-image\" data-id=\"4a4cabf\" data-element_type=\"widget\" data-widget_type=\"image.default\">\n\t\t\t\t<div class=\"elementor-widget-container\">\n\t\t\t\t\t\t\t\t\t\t\t\t\t<img loading=\"lazy\" decoding=\"async\" width=\"735\" height=\"600\" src=\"https:\/\/legal-pilot.com\/wp-content\/uploads\/2023\/02\/LPNL.jpg\" class=\"attachment-large size-large wp-image-238918\" alt=\"\" srcset=\"https:\/\/legal-pilot.com\/wp-content\/uploads\/2023\/02\/LPNL.jpg 735w, https:\/\/legal-pilot.com\/wp-content\/uploads\/2023\/02\/LPNL-300x245.jpg 300w, https:\/\/legal-pilot.com\/wp-content\/uploads\/2023\/02\/LPNL-15x12.jpg 15w\" sizes=\"(max-width: 735px) 100vw, 735px\" \/>\t\t\t\t\t\t\t\t\t\t\t\t\t<\/div>\n\t\t\t\t<\/div>\n\t\t\t\t\t<\/div>\n\t\t<\/div>\n\t\t\t\t\t<\/div>\n\t\t<\/section>\n\t\t\t\t\t<\/div>\n\t\t<\/div>\n\t\t\t\t<div class=\"has_eae_slider elementor-column elementor-col-33 elementor-top-column elementor-element elementor-element-9c610db\" data-eae-slider=\"49019\" data-id=\"9c610db\" data-element_type=\"column\">\n\t\t\t<div class=\"elementor-widget-wrap elementor-element-populated\">\n\t\t\t\t\t\t<section class=\"has_eae_slider elementor-section elementor-inner-section elementor-element elementor-element-bb66d3d elementor-section-content-middle elementor-section-boxed elementor-section-height-default elementor-section-height-default wpr-particle-no wpr-jarallax-no wpr-parallax-no wpr-sticky-section-no wpr-equal-height-no\" data-eae-slider=\"45590\" data-id=\"bb66d3d\" data-element_type=\"section\">\n\t\t\t\t\t\t<div class=\"elementor-container elementor-column-gap-default\">\n\t\t\t\t\t<div class=\"has_eae_slider elementor-column elementor-col-100 elementor-inner-column elementor-element elementor-element-40138d5\" data-eae-slider=\"63502\" data-id=\"40138d5\" data-element_type=\"column\">\n\t\t\t<div class=\"elementor-widget-wrap elementor-element-populated\">\n\t\t\t\t\t\t<div class=\"elementor-element elementor-element-b318013 elementor-align-center elementor-mobile-align-center elementor-widget elementor-widget-button\" data-id=\"b318013\" data-element_type=\"widget\" data-widget_type=\"button.default\">\n\t\t\t\t<div class=\"elementor-widget-container\">\n\t\t\t\t\t\t\t<div class=\"elementor-button-wrapper\">\n\t\t\t\t\t<a class=\"elementor-button elementor-button-link elementor-size-sm\" href=\"#NLLP\">\n\t\t\t\t\t\t<span class=\"elementor-button-content-wrapper\">\n\t\t\t\t\t\t\t\t\t<span class=\"elementor-button-text\">Register now<\/span>\n\t\t\t\t\t<\/span>\n\t\t\t\t\t<\/a>\n\t\t\t\t<\/div>\n\t\t\t\t\t\t<\/div>\n\t\t\t\t<\/div>\n\t\t\t\t\t<\/div>\n\t\t<\/div>\n\t\t\t\t\t<\/div>\n\t\t<\/section>\n\t\t\t\t\t<\/div>\n\t\t<\/div>\n\t\t\t\t\t<\/div>\n\t\t<\/section>\n\t\t\t\t<\/div>","protected":false},"excerpt":{"rendered":"<p>La newsletter des juristes inspirants Tout droit venue du futur, Co-Pilot est une newsletter francophone, gratuite, qui vous emm\u00e8ne \u00e0 la d\u00e9couverte du nouveau monde des legal ops, aux confins de l\u2019univers du contract management, dans les profondeurs abyssales de la compliance et qui vous fait d\u00e9couvrir de nouveaux sommets avec les soft skills. Une lecture incontournable pour les professionnels du droit innovants de France ! S&rsquo;inscrire gratuitement Inscrivez-vous d\u00e8s maintenant Notre mission ? Ce qu\u2019on cherche \u00e0 accomplir :\u00a0f\u00e9d\u00e9rer une communaut\u00e9 ayant comme objectif l\u2019innovation, favoriser les rencontres, les partages d\u2019exp\u00e9riences et de bonnes pratiques, afin d\u2019\u00e9lever le niveau des juristes dans des domaines li\u00e9s au droit, mais qu\u2019on ne vous a jamais enseign\u00e9 \u00e0 la fac ! Pourquoi c\u2019est important : l\u2019entreprise en 2026 attend toujours plus des juristes, sans pour autant leur accorder les moyens financiers et temporels pour atteindre leurs objectifs. Face aux injonctions \u00e0 l\u2019innovation, \u00e0 devenir un business partner, \u00e0 la complexification des l\u00e9gislations et \u00e0 la multiplication des domaines d\u2019intervention, les juristes sont en sous-effectif et leur temps est compt\u00e9. Soit vous ne savez pas o\u00f9 trouver de l\u2019information qualitative pour vous aider \u00e0 mieux organiser votre travail, soit vous n\u2019avez ni le loisir ni le temps d\u2019aller chercher ces informations : c\u2019est l\u00e0 que Legal Pilot entre sur la piste de course ! Comment on compte atteindre nos objectifs :\u00a0gr\u00e2ce \u00e0 vous en r\u00e9alit\u00e9 ! Nous partageons du contenu produit par nos soins, mais \u00e9galement et surtout le meilleur de ce que nous trouvons sur internet et les r\u00e9seaux sociaux ! Ce que vous pouvez esp\u00e9rer trouver en vous abonnant :\u00a0deux choses. D\u2019une part, un contenu relatif \u00e0 Legal Pilot, \u00e9videmment : l\u2019int\u00e9r\u00eat et les b\u00e9n\u00e9fices d\u2019une solution de gestion des contrats, toutes les nouveaut\u00e9s produit, notre actualit\u00e9 et notre agenda. D\u2019autre part, un contenu pioch\u00e9 sur internet, s\u00e9lectionn\u00e9 par notre \u00e9quipe ou soumis par des juristes, avocats, consultants, soucieux de partager leur savoir et leur exp\u00e9riences avec le reste de la communaut\u00e9. Notre contenu est \u00e0 destination des juristes augment\u00e9s, des responsables, directeurs et directrices juridiques \u201cbusiness partner\u201d, des compliance\/legal ops\/contract managers, ainsi que des avocats innovants. &nbsp; La newsletter s\u2019adresse \u00e0 un public francophone en qu\u00eate d\u2019innovation, qui souhaite nourrir sa r\u00e9flexion au quotidien pour anticiper les \u00e9volutions \u00e0 venir et optimiser la gestion de sa pratique professionnelle gr\u00e2ce aux soft skills, aux comp\u00e9tences alternatives (gestion de projet, gestion de la connaissance, communication, etc\u2026), aux process intelligents et \u00e0 la technologie. &nbsp; Alors n&rsquo;attendez plus, inscrivez-vous d\u00e8s maintenant S&rsquo;inscrire d\u00e8s maintenant<\/p>","protected":false},"author":3,"featured_media":0,"parent":0,"menu_order":0,"comment_status":"closed","ping_status":"closed","template":"","meta":{"content-type":"","footnotes":""},"categories":[],"tags":[],"class_list":["post-238835","page","type-page","status-publish","hentry"],"_links":{"self":[{"href":"https:\/\/legal-pilot.com\/en\/wp-json\/wp\/v2\/pages\/238835","targetHints":{"allow":["GET"]}}],"collection":[{"href":"https:\/\/legal-pilot.com\/en\/wp-json\/wp\/v2\/pages"}],"about":[{"href":"https:\/\/legal-pilot.com\/en\/wp-json\/wp\/v2\/types\/page"}],"author":[{"embeddable":true,"href":"https:\/\/legal-pilot.com\/en\/wp-json\/wp\/v2\/users\/3"}],"replies":[{"embeddable":true,"href":"https:\/\/legal-pilot.com\/en\/wp-json\/wp\/v2\/comments?post=238835"}],"version-history":[{"count":165,"href":"https:\/\/legal-pilot.com\/en\/wp-json\/wp\/v2\/pages\/238835\/revisions"}],"predecessor-version":[{"id":240398,"href":"https:\/\/legal-pilot.com\/en\/wp-json\/wp\/v2\/pages\/238835\/revisions\/240398"}],"wp:attachment":[{"href":"https:\/\/legal-pilot.com\/en\/wp-json\/wp\/v2\/media?parent=238835"}],"wp:term":[{"taxonomy":"category","embeddable":true,"href":"https:\/\/legal-pilot.com\/en\/wp-json\/wp\/v2\/categories?post=238835"},{"taxonomy":"post_tag","embeddable":true,"href":"https:\/\/legal-pilot.com\/en\/wp-json\/wp\/v2\/tags?post=238835"}],"curies":[{"name":"wp","href":"https:\/\/api.w.org\/{rel}","templated":true}]}}