{"id":237160,"date":"2022-10-13T11:24:46","date_gmt":"2022-10-13T09:24:46","guid":{"rendered":"https:\/\/legal-pilot.com\/?page_id=237160"},"modified":"2026-03-16T11:46:10","modified_gmt":"2026-03-16T10:46:10","slug":"contact-legal-pilot","status":"publish","type":"page","link":"https:\/\/legal-pilot.com\/en\/contact-legal-pilot\/","title":{"rendered":"Contact"},"content":{"rendered":"<div data-elementor-type=\"wp-page\" data-elementor-id=\"237160\" class=\"elementor elementor-237160\" data-elementor-post-type=\"page\">\n\t\t\t\t\t\t<section class=\"has_eae_slider elementor-section elementor-top-section elementor-element elementor-element-2544c92 elementor-section-boxed elementor-section-height-default elementor-section-height-default wpr-particle-no wpr-jarallax-no wpr-parallax-no wpr-sticky-section-no wpr-equal-height-no\" data-eae-slider=\"23092\" data-id=\"2544c92\" data-element_type=\"section\" data-settings=\"{&quot;background_background&quot;:&quot;classic&quot;}\">\n\t\t\t\t\t\t\t<div class=\"elementor-background-overlay\"><\/div>\n\t\t\t\t\t\t\t<div class=\"elementor-container elementor-column-gap-default\">\n\t\t\t\t\t<div class=\"has_eae_slider elementor-column elementor-col-100 elementor-top-column elementor-element elementor-element-832c251\" data-eae-slider=\"57286\" data-id=\"832c251\" data-element_type=\"column\">\n\t\t\t<div class=\"elementor-widget-wrap elementor-element-populated\">\n\t\t\t\t\t\t<section class=\"has_eae_slider elementor-section elementor-inner-section elementor-element elementor-element-f10606a elementor-section-boxed elementor-section-height-default elementor-section-height-default wpr-particle-no wpr-jarallax-no wpr-parallax-no wpr-sticky-section-no wpr-equal-height-no\" data-eae-slider=\"6288\" data-id=\"f10606a\" data-element_type=\"section\">\n\t\t\t\t\t\t<div class=\"elementor-container elementor-column-gap-default\">\n\t\t\t\t\t<div class=\"has_eae_slider elementor-column elementor-col-50 elementor-inner-column elementor-element elementor-element-7ca49e1\" data-eae-slider=\"68152\" data-id=\"7ca49e1\" data-element_type=\"column\">\n\t\t\t<div class=\"elementor-widget-wrap elementor-element-populated\">\n\t\t\t\t\t\t<div class=\"elementor-element elementor-element-4acf371 elementor-widget elementor-widget-text-editor\" data-id=\"4acf371\" data-element_type=\"widget\" data-widget_type=\"text-editor.default\">\n\t\t\t\t<div class=\"elementor-widget-container\">\n\t\t\t\t\t\t\t<h1>A question, a project?<br \/><strong>Get in touch!<\/strong><\/h1>\t\t\t\t\t\t<\/div>\n\t\t\t\t<\/div>\n\t\t\t\t<div class=\"elementor-element elementor-element-b535853 elementor-widget elementor-widget-text-editor\" data-id=\"b535853\" data-element_type=\"widget\" data-widget_type=\"text-editor.default\">\n\t\t\t\t<div class=\"elementor-widget-container\">\n\t\t\t\t\t\t\t<p>Vous avez des questions, un projet, des partenariats potentiels, ou vous souhaitez \u00e9changer, n&rsquo;h\u00e9sitez pas \u00e0 nous contacter.<\/p>\t\t\t\t\t\t<\/div>\n\t\t\t\t<\/div>\n\t\t\t\t<div class=\"elementor-element elementor-element-2dea33a elementor-widget elementor-widget-shortcode\" data-id=\"2dea33a\" data-element_type=\"widget\" data-widget_type=\"shortcode.default\">\n\t\t\t\t<div class=\"elementor-widget-container\">\n\t\t\t\t\t<div class=\"elementor-shortcode\"><script charset=\"utf-8\" type=\"text\/javascript\" src=\"\/\/js.hsforms.net\/forms\/v2.js\"><\/script>\n<script>\n  hbspt.forms.create({\n    region: \"na1\",\n    portalId: \"4603017\",\n    formId: \"f36be306-6994-4b2d-9c8b-773a250187ff\",\n    version: \"V2_PRERELEASE\"\n  });\n<\/script><\/div>\n\t\t\t\t<\/div>\n\t\t\t\t<\/div>\n\t\t\t\t\t<\/div>\n\t\t<\/div>\n\t\t\t\t<div class=\"has_eae_slider elementor-column elementor-col-50 elementor-inner-column elementor-element elementor-element-658f6fd\" data-eae-slider=\"32801\" data-id=\"658f6fd\" data-element_type=\"column\" data-settings=\"{&quot;background_background&quot;:&quot;classic&quot;}\">\n\t\t\t<div class=\"elementor-widget-wrap elementor-element-populated\">\n\t\t\t\t\t\t<div class=\"elementor-element elementor-element-321d01d elementor-position-left elementor-view-default elementor-mobile-position-top elementor-vertical-align-top elementor-widget elementor-widget-icon-box\" data-id=\"321d01d\" data-element_type=\"widget\" data-widget_type=\"icon-box.default\">\n\t\t\t\t<div class=\"elementor-widget-container\">\n\t\t\t\t\t<div class=\"elementor-icon-box-wrapper\">\n\n\t\t\t\t\t\t<div class=\"elementor-icon-box-icon\">\n\t\t\t\t<a href=\"https:\/\/www.linkedin.com\/company\/legal-pilot\/\" target=\"_blank\" class=\"elementor-icon elementor-animation-\" tabindex=\"-1\" rel=\"noopener\">\n\t\t\t\t<svg xmlns=\"http:\/\/www.w3.org\/2000\/svg\" id=\"ad8e69f2-d321-4496-924c-e6fd19342e49\" data-name=\"Calque 1\" viewbox=\"0 0 800 800\"><path d=\"M128.27,676.39l-.25-381H259.18V676.11Zm23.77-357,.21,332.92,82.93-.18V319.42Z\" style=\"fill: #458fc0\"><\/path><path d=\"M193.61,263.83a77.71,77.71,0,1,1,77.71-77.71A77.8,77.8,0,0,1,193.61,263.83Zm0-131.41a53.71,53.71,0,1,0,53.71,53.7A53.76,53.76,0,0,0,193.61,132.42Z\" style=\"fill: #e86f61\"><\/path><path d=\"M681,399.9c-4.43-21.38-14.23-52.19-35.75-77.52-26.95-31.71-64.12-45.85-110.5-42-11.77,0-59.82,1.67-94,32.27,0-3-.08-4.94-.08-5.25l-.21-11.77-127.63-.19v381H442.71l5.06-227.23c1.25-6,11.07-44.72,56.14-44.72,13.85,0,24.62,3.86,32,11.48,13.22,13.63,12.68,35.54,12.68,35.71l0,.33,3.19,224.43H684.1v-246A150.48,150.48,0,0,0,681,399.9ZM660.1,652.37H575.42l-2.84-200.2c.09-3.92,0-32.71-19.25-52.79-12.09-12.58-28.71-19-49.42-19-35.7,0-55.63,17.87-66.06,32.87A87.58,87.58,0,0,0,424,446l-.14.82-4.58,205.6H336.87V319.44l80,.11c.13,9.68.28,22.54.16,27.37l-.82,34.13a218,218,0,0,1,12.11-18.35,204,204,0,0,1,21-24.46c27.35-32.48,75.17-34,85.53-33.89h.42l1-.05c85.9-7.32,112.83,59.81,121.26,100.47a126.32,126.32,0,0,1,2.56,25.58Z\" style=\"fill: #458fc0\"><\/path><\/svg>\t\t\t\t<\/a>\n\t\t\t<\/div>\n\t\t\t\n\t\t\t\t\t\t<div class=\"elementor-icon-box-content\">\n\n\t\t\t\t\t\t\t\t\t<h3 class=\"elementor-icon-box-title\">\n\t\t\t\t\t\t<a href=\"https:\/\/www.linkedin.com\/company\/legal-pilot\/\" target=\"_blank\" rel=\"noopener\">\n\t\t\t\t\t\t\tLegal pilot\t\t\t\t\t\t<\/a>\n\t\t\t\t\t<\/h3>\n\t\t\t\t\n\t\t\t\t\n\t\t\t<\/div>\n\t\t\t\n\t\t<\/div>\n\t\t\t\t<\/div>\n\t\t\t\t<\/div>\n\t\t\t\t<div class=\"elementor-element elementor-element-beb00e4 elementor-position-left elementor-view-default elementor-mobile-position-top elementor-vertical-align-top elementor-widget elementor-widget-icon-box\" data-id=\"beb00e4\" data-element_type=\"widget\" data-widget_type=\"icon-box.default\">\n\t\t\t\t<div class=\"elementor-widget-container\">\n\t\t\t\t\t<div class=\"elementor-icon-box-wrapper\">\n\n\t\t\t\t\t\t<div class=\"elementor-icon-box-icon\">\n\t\t\t\t<a href=\"mailto:contact@legal-pilot.com\" class=\"elementor-icon elementor-animation-\" tabindex=\"-1\">\n\t\t\t\t<svg xmlns=\"http:\/\/www.w3.org\/2000\/svg\" id=\"b5d155c9-a0f4-42e2-9c74-1db476fa0a2f\" data-name=\"Calque 1\" viewbox=\"0 0 800 800\"><path d=\"M755.94,403.27q-1.17,25-13.36,39.76t-32.79,14.72a32.18,32.18,0,0,1-15.68-3.62,23.59,23.59,0,0,1-10-10.37q-10.56,13.69-27.56,13.69-15.42,0-23.86-12t-6.34-31.78a77.91,77.91,0,0,1,8.82-28.71q6.91-12.57,17.47-19.31a41.58,41.58,0,0,1,22.81-6.75q15.1,0,25.77,6.45l6.65,4.21-5.38,56.53q-1.07,7.72,1.84,11.83t9.24,4.11q9.72,0,16.26-10.51T737,404q1.79-34.14-14.84-52.48t-49.26-18.33q-20.38,0-36.33,9.58A67.11,67.11,0,0,0,611.48,370q-9.18,17.65-10.35,40.44-1.68,34.62,15,53.55t50,18.92a99.05,99.05,0,0,0,18.37-1.81A77.77,77.77,0,0,0,701,476.23l4,15.06q-6.43,3.91-17.37,6.31a102.43,102.43,0,0,1-22,2.4q-27.87,0-47.52-10.42a65.91,65.91,0,0,1-29.3-30.71q-9.66-20.3-8.39-48.46,1.26-27,13.3-48.41a84.94,84.94,0,0,1,32.79-33.11q20.75-11.68,46.83-11.68,26.5,0,45.62,10.51a66.9,66.9,0,0,1,28.61,30.07Q757.1,377.35,755.94,403.27ZM649.81,413.64q-1.15,12.92,2.43,19.61t11.62,6.7q5.17,0,9.82-4.21t7.71-12.13l4.43-46.26a28.69,28.69,0,0,0-8.45-1.27q-12.14,0-18.85,9.59T649.81,413.64Z\" style=\"fill: #e86f61\"><\/path><path d=\"M625.72,624a36.57,36.57,0,0,0-8.94-.87q-92.29-.06-184.58,0h-6.63c-.1-.46-.2-.91-.31-1.37,1.74-1,3.45-2.14,5.21-3.16q87.66-51,175.32-102a135.22,135.22,0,0,1-17.31-17.69Q483.36,560.1,378.17,621.22a14.47,14.47,0,0,1-6.9,1.82c-40.26.11-80.52.05-120.79.14-3.17,0-5.09-.86-6.73-3.74q-52.14-91.38-104.46-182.66c-.54-.95-.95-2-1.76-3.69,10.26,1.34,19.86,2.57,29.46,3.86q52.79,7.1,105.55,14.23c36.87,5,73.75,9.85,110.61,14.91a46.66,46.66,0,0,0,50.28-30.54q30.52-85.73,60.93-171.5,10.49-29.51,20.9-59.05c.67-1.89,1.43-3.74,2.84-7.43,3.55,4.84,6.61,8.29,8.86,12.2q33,57.45,65.86,114.94A134.57,134.57,0,0,1,610.89,308q-32.1-56-64.37-111.91a54.68,54.68,0,0,0-15.18-17c-17.32-12.18-35.37-11.32-53.52-.73Q307.24,277.76,136.55,377C109.13,393,102,420,117.65,447.35Q166.3,532.3,214.9,617.28c1,1.67,1.83,3.39,3.15,5.84-15.43,0-29.71,0-44,0a36.08,36.08,0,0,0-7.28.59,11.3,11.3,0,0,0-9.33,11.73,11.16,11.16,0,0,0,9.92,11.18,46.85,46.85,0,0,0,7.3.44q221,0,442,0a45.81,45.81,0,0,0,7.86-.52,11.17,11.17,0,0,0,9.38-10.5A11.33,11.33,0,0,0,625.72,624ZM149.36,397.37q146.41-85.47,293-170.72,21.93-12.77,43.87-25.51c1.57-.91,3.21-1.71,5.78-3.07-.8,2.69-1.23,4.43-1.83,6.11q-39.27,110.74-78.6,221.47c-4.32,12.17-13.45,18.16-26,16.51q-60.37-7.89-120.71-16.11-60.93-8.21-121.85-16.51c-1.63-.22-3.23-.56-4.85-.85l-.91-1.92C141.22,403.61,145,399.93,149.36,397.37Z\" style=\"fill: #458fc0\"><\/path><rect x=\"149.3\" y=\"619.82\" width=\"491.28\" height=\"29.53\" style=\"fill: #458fc0\"><\/rect><\/svg>\t\t\t\t<\/a>\n\t\t\t<\/div>\n\t\t\t\n\t\t\t\t\t\t<div class=\"elementor-icon-box-content\">\n\n\t\t\t\t\t\t\t\t\t<h3 class=\"elementor-icon-box-title\">\n\t\t\t\t\t\t<a href=\"mailto:contact@legal-pilot.com\" >\n\t\t\t\t\t\t\t<a href=\"mailto:contact@legal-pilot.com\">contact@legal-pilot.com<\/a>\t\t\t\t\t\t<\/a>\n\t\t\t\t\t<\/h3>\n\t\t\t\t\n\t\t\t\t\n\t\t\t<\/div>\n\t\t\t\n\t\t<\/div>\n\t\t\t\t<\/div>\n\t\t\t\t<\/div>\n\t\t\t\t<div class=\"elementor-element elementor-element-6a1a31b elementor-position-left elementor-view-default elementor-mobile-position-top elementor-vertical-align-top elementor-widget elementor-widget-icon-box\" data-id=\"6a1a31b\" data-element_type=\"widget\" data-widget_type=\"icon-box.default\">\n\t\t\t\t<div class=\"elementor-widget-container\">\n\t\t\t\t\t<div class=\"elementor-icon-box-wrapper\">\n\n\t\t\t\t\t\t<div class=\"elementor-icon-box-icon\">\n\t\t\t\t<a href=\"https:\/\/www.google.fr\/maps\/place\/76+Rue+Ney,+69006+Lyon\/@45.7663767,4.8534457,17z\/data=!3m1!4b1!4m5!3m4!1s0x47f4ea8bc11d35cb:0x565269289a4f3fc8!8m2!3d45.7663767!4d4.8556344\" target=\"_blank\" class=\"elementor-icon elementor-animation-\" tabindex=\"-1\" rel=\"noopener\">\n\t\t\t\t<svg xmlns=\"http:\/\/www.w3.org\/2000\/svg\" id=\"ad448916-6385-46e2-87f7-10b5403127e2\" data-name=\"Calque 1\" viewbox=\"0 0 800 800\"><g><path d=\"M332.66,556.25c-9.66-16-19.12-31.3-28.18-46.81-34.36-58.8-66-118.86-85.23-184.65C203,269.16,206.64,215.35,236.77,165.13c32.5-54.18,80.51-86.22,143.45-94.48,94.1-12.36,178.5,44.13,208.49,127.73,16.46,45.87,13.18,91.37-1.4,136.94C567.24,398,536.77,455.71,503.6,512.15c-8.57,14.59-17.46,29-26.62,44.17,12.36,3.18,24,5.84,35.39,9.18,22.73,6.67,44.39,15.73,62.84,31a94.18,94.18,0,0,1,13.19,13.37c15.34,19.12,15.26,43-.23,62-18.48,22.68-43.87,34.58-70.94,42.55C441,736.87,364.51,736.72,288.5,713.15c-25.44-7.89-49.2-19.51-66.68-40.78-16.31-19.84-16.2-44.09.38-63.78,18.62-22.12,44-33.17,70.62-41.73C305.46,562.8,318.5,560,332.66,556.25ZM404.46,629c2-2.66,3.21-4,4.19-5.55,25-38.36,50.83-76.19,74.64-115.26,33.12-54.32,63-110.4,83.34-171,12.11-36.14,19-72.73,10.2-111C559.5,150.61,497,94.6,419.67,88.53c-59.68-4.69-110.32,16.22-149.13,62-34.05,40.17-47.71,87.08-39.42,139.62,5.47,34.64,17.87,67.13,32.06,98.94,28.66,64.2,64.6,124.36,102.92,183.14C378.37,591,391.23,609.46,404.46,629Zm.58,83.37c16.94-1.29,34-1.91,50.79-4,32-4,63.34-11.08,91.88-27.13,11.5-6.47,22-14.23,28.9-25.87,5.87-9.89,6.38-20.2-.38-29.52A79.31,79.31,0,0,0,559,608c-26.74-19.29-57.79-27.49-89.77-32.56-2.42-.39-6.36,2.76-8.13,5.29-15.3,21.85-30.2,44-45.36,65.92-7.67,11.11-14,11.18-21.53.24-15.31-22.16-30.6-44.33-45.57-66.72-2.94-4.4-5.89-5.91-11-4.66-10.89,2.69-22,4.54-32.79,7.64-22,6.34-43.27,14.4-60.72,29.85-20.8,18.4-20.61,37.32.11,55.86a27.58,27.58,0,0,0,4.89,3.92c12.37,6.69,24.31,14.55,37.33,19.58C324.51,707,364.46,711.4,405,712.39Z\" style=\"fill: #458fc0;stroke: #458fc0;stroke-miterlimit: 10;stroke-width: 7px\"><\/path><path d=\"M404.3,399.55c-73.29-.44-132.49-59.93-132-132.71.45-73.66,60.46-132.4,134.63-131.79,72,.6,131.09,61,130.5,133.58S476.86,400,404.3,399.55Zm0-19.15c62.56.4,113.3-49.71,114-112.58.69-61.44-50.63-113.44-112.27-113.75-63.14-.32-114.6,50.24-114.81,112.79S341.53,380,404.32,380.4Z\" style=\"fill: #e86f61\"><\/path><\/g><\/svg>\t\t\t\t<\/a>\n\t\t\t<\/div>\n\t\t\t\n\t\t\t\t\t\t<div class=\"elementor-icon-box-content\">\n\n\t\t\t\t\t\t\t\t\t<h3 class=\"elementor-icon-box-title\">\n\t\t\t\t\t\t<a href=\"https:\/\/www.google.fr\/maps\/place\/76+Rue+Ney,+69006+Lyon\/@45.7663767,4.8534457,17z\/data=!3m1!4b1!4m5!3m4!1s0x47f4ea8bc11d35cb:0x565269289a4f3fc8!8m2!3d45.7663767!4d4.8556344\" target=\"_blank\" rel=\"noopener\">\n\t\t\t\t\t\t\tSi\u00e8ge social : 66 rue du Pr\u00e9sident \u00c9douard Herriot, Chez 66EH \u2013 69002 \u2013 Lyon\t\t\t\t\t\t<\/a>\n\t\t\t\t\t<\/h3>\n\t\t\t\t\n\t\t\t\t\t\t\t\t\t<p class=\"elementor-icon-box-description\">\n\t\t\t\t\t\tSi\u00e8ge social\t\t\t\t\t<\/p>\n\t\t\t\t\n\t\t\t<\/div>\n\t\t\t\n\t\t<\/div>\n\t\t\t\t<\/div>\n\t\t\t\t<\/div>\n\t\t\t\t\t<\/div>\n\t\t<\/div>\n\t\t\t\t\t<\/div>\n\t\t<\/section>\n\t\t\t\t\t<\/div>\n\t\t<\/div>\n\t\t\t\t\t<\/div>\n\t\t<\/section>\n\t\t\t\t<\/div>","protected":false},"excerpt":{"rendered":"<p>Une question, un projet ?Contactez-nous ! Vous avez des questions, un projet, des partenariats potentiels, ou vous souhaitez \u00e9changer, n&rsquo;h\u00e9sitez pas \u00e0 nous contacter. Legal pilot contact@legal-pilot.com Si\u00e8ge social : 66 rue du Pr\u00e9sident \u00c9douard Herriot, Chez 66EH \u2013 69002 \u2013 Lyon Si\u00e8ge social<\/p>","protected":false},"author":3,"featured_media":0,"parent":0,"menu_order":0,"comment_status":"closed","ping_status":"closed","template":"elementor_header_footer","meta":{"content-type":"","footnotes":""},"categories":[],"tags":[],"class_list":["post-237160","page","type-page","status-publish","hentry"],"_links":{"self":[{"href":"https:\/\/legal-pilot.com\/en\/wp-json\/wp\/v2\/pages\/237160","targetHints":{"allow":["GET"]}}],"collection":[{"href":"https:\/\/legal-pilot.com\/en\/wp-json\/wp\/v2\/pages"}],"about":[{"href":"https:\/\/legal-pilot.com\/en\/wp-json\/wp\/v2\/types\/page"}],"author":[{"embeddable":true,"href":"https:\/\/legal-pilot.com\/en\/wp-json\/wp\/v2\/users\/3"}],"replies":[{"embeddable":true,"href":"https:\/\/legal-pilot.com\/en\/wp-json\/wp\/v2\/comments?post=237160"}],"version-history":[{"count":99,"href":"https:\/\/legal-pilot.com\/en\/wp-json\/wp\/v2\/pages\/237160\/revisions"}],"predecessor-version":[{"id":240382,"href":"https:\/\/legal-pilot.com\/en\/wp-json\/wp\/v2\/pages\/237160\/revisions\/240382"}],"wp:attachment":[{"href":"https:\/\/legal-pilot.com\/en\/wp-json\/wp\/v2\/media?parent=237160"}],"wp:term":[{"taxonomy":"category","embeddable":true,"href":"https:\/\/legal-pilot.com\/en\/wp-json\/wp\/v2\/categories?post=237160"},{"taxonomy":"post_tag","embeddable":true,"href":"https:\/\/legal-pilot.com\/en\/wp-json\/wp\/v2\/tags?post=237160"}],"curies":[{"name":"wp","href":"https:\/\/api.w.org\/{rel}","templated":true}]}}