{"id":235600,"date":"2022-09-13T09:10:30","date_gmt":"2022-09-13T07:10:30","guid":{"rendered":"https:\/\/legal-pilot.com\/?page_id=235600"},"modified":"2022-12-20T15:43:04","modified_gmt":"2022-12-20T14:43:04","slug":"lp-newsletter","status":"publish","type":"page","link":"https:\/\/legal-pilot.com\/en\/lp-newsletter\/","title":{"rendered":"Legal Pilot Newsletter"},"content":{"rendered":"<div data-elementor-type=\"wp-page\" data-elementor-id=\"235600\" class=\"elementor elementor-235600\" data-elementor-post-type=\"page\">\n\t\t\t\t\t\t<section class=\"has_eae_slider elementor-section elementor-top-section elementor-element elementor-element-88505bf elementor-section-boxed elementor-section-height-default elementor-section-height-default wpr-particle-no wpr-jarallax-no wpr-parallax-no wpr-sticky-section-no\" data-eae-slider=\"16328\" data-id=\"88505bf\" data-element_type=\"section\" data-settings=\"{&quot;background_background&quot;:&quot;classic&quot;}\">\n\t\t\t\t\t\t<div class=\"elementor-container elementor-column-gap-default\">\n\t\t\t\t\t<div class=\"has_eae_slider elementor-column elementor-col-100 elementor-top-column elementor-element elementor-element-b84c548\" data-eae-slider=\"48386\" data-id=\"b84c548\" data-element_type=\"column\">\n\t\t\t<div class=\"elementor-widget-wrap elementor-element-populated\">\n\t\t\t\t\t\t<div class=\"elementor-element elementor-element-dddff1b elementor-widget elementor-widget-heading\" data-id=\"dddff1b\" data-element_type=\"widget\" data-widget_type=\"heading.default\">\n\t\t\t\t<div class=\"elementor-widget-container\">\n\t\t\t<h2 class=\"elementor-heading-title elementor-size-default\">Register for the<br> Legal Pilot newsletter<\/h2>\t\t<\/div>\n\t\t\t\t<\/div>\n\t\t\t\t<div class=\"elementor-element elementor-element-97a8de0 elementor-widget__width-initial elementor-widget elementor-widget-html\" data-id=\"97a8de0\" data-element_type=\"widget\" data-widget_type=\"html.default\">\n\t\t\t\t<div class=\"elementor-widget-container\">\n\t\t\t<script charset=\"utf-8\" type=\"text\/javascript\" src=\"\/\/js.hsforms.net\/forms\/v2.js\"><\/script>\r\n<script>\r\n  hbspt.forms.create({\r\n    region: \"na1\",\r\n    portalId: \"4603017\",\r\n    formId: \"3a8b83fe-7a77-47dc-a972-8e17c283971e\",\r\n    version: \"V2_PRERELEASE\"\r\n  });\r\n<\/script> \t\t<\/div>\n\t\t\t\t<\/div>\n\t\t\t\t\t<\/div>\n\t\t<\/div>\n\t\t\t\t\t<\/div>\n\t\t<\/section>\n\t\t\t\t<section class=\"has_eae_slider elementor-section elementor-top-section elementor-element elementor-element-df56df7 elementor-section-height-min-height elementor-section-content-middle elementor-section-boxed elementor-section-height-default elementor-section-items-middle wpr-particle-no wpr-jarallax-no wpr-parallax-no wpr-sticky-section-no\" data-eae-slider=\"53359\" data-id=\"df56df7\" data-element_type=\"section\">\n\t\t\t\t\t\t<div class=\"elementor-container elementor-column-gap-default\">\n\t\t\t\t\t<div class=\"has_eae_slider elementor-column elementor-col-50 elementor-top-column elementor-element elementor-element-9f4a889\" data-eae-slider=\"68306\" data-id=\"9f4a889\" data-element_type=\"column\">\n\t\t\t<div class=\"elementor-widget-wrap elementor-element-populated\">\n\t\t\t\t\t\t<div class=\"elementor-element elementor-element-2287968 elementor-testimonial--skin-default elementor-testimonial--layout-image_inline elementor-testimonial--align-center elementor-arrows-yes elementor-pagination-type-bullets elementor-widget elementor-widget-global elementor-global-236962 elementor-widget-testimonial-carousel\" data-id=\"2287968\" data-element_type=\"widget\" id=\"testiLP\" data-settings=\"{&quot;show_arrows&quot;:&quot;yes&quot;,&quot;pagination&quot;:&quot;bullets&quot;,&quot;speed&quot;:500,&quot;autoplay&quot;:&quot;yes&quot;,&quot;autoplay_speed&quot;:5000,&quot;loop&quot;:&quot;yes&quot;,&quot;pause_on_hover&quot;:&quot;yes&quot;,&quot;pause_on_interaction&quot;:&quot;yes&quot;,&quot;space_between&quot;:{&quot;unit&quot;:&quot;px&quot;,&quot;size&quot;:10,&quot;sizes&quot;:[]},&quot;space_between_tablet&quot;:{&quot;unit&quot;:&quot;px&quot;,&quot;size&quot;:10,&quot;sizes&quot;:[]},&quot;space_between_mobile&quot;:{&quot;unit&quot;:&quot;px&quot;,&quot;size&quot;:10,&quot;sizes&quot;:[]}}\" data-widget_type=\"testimonial-carousel.default\">\n\t\t\t\t<div class=\"elementor-widget-container\">\n\t\t\t\t\t<div class=\"elementor-swiper\">\n\t\t\t<div class=\"elementor-main-swiper swiper\">\n\t\t\t\t<div class=\"swiper-wrapper\">\n\t\t\t\t\t\t\t\t\t\t\t<div class=\"swiper-slide\">\n\t\t\t\t\t\t\t\t\t<div class=\"elementor-testimonial\">\n\t\t\t\t\t\t\t<div class=\"elementor-testimonial__content\">\n\t\t\t\t\t<div class=\"elementor-testimonial__text\">\n\t\t\t\t\t\t\"Thanks to Legal Pilot, we have been able to make the contractualization of our contracts more intuitive with a simplified process and a legal autonomy for our users, while ensuring the criteria of security. Our lawyers are now only solicited for the tasks with strong added value.\"\t\t\t\t\t<\/div>\n\t\t\t\t\t\t\t\t\t<\/div>\n\t\t\t\t\t\t<div class=\"elementor-testimonial__footer\">\n\t\t\t\t\t\t\t\t\t<div class=\"elementor-testimonial__image\">\n\t\t\t\t\t\t<img decoding=\"async\" src=\"https:\/\/legal-pilot.com\/wp-content\/uploads\/2022\/08\/1561055802470-300x300.jpg\" alt=\"Thomas Bilourou - Juriste\">\n\t\t\t\t\t\t\t\t\t\t\t<\/div>\n\t\t\t\t\t\t\t\t<cite class=\"elementor-testimonial__cite\"><span class=\"elementor-testimonial__name\">Thomas Bilourou - Lawyer<\/span><span class=\"elementor-testimonial__title\">TDF<\/span><\/cite>\t\t\t<\/div>\n\t\t<\/div>\n\t\t\t\t\t\t\t\t<\/div>\n\t\t\t\t\t\t\t\t\t\t\t<div class=\"swiper-slide\">\n\t\t\t\t\t\t\t\t\t<div class=\"elementor-testimonial\">\n\t\t\t\t\t\t\t<div class=\"elementor-testimonial__content\">\n\t\t\t\t\t<div class=\"elementor-testimonial__text\">\n\t\t\t\t\t\t\"Thanks to Legal Pilot, we were able to set up and integrate our chatbot very easily in order to redirect our users\nto the solution adapted to their needs\".\t\t\t\t\t<\/div>\n\t\t\t\t\t\t\t\t\t<\/div>\n\t\t\t\t\t\t<div class=\"elementor-testimonial__footer\">\n\t\t\t\t\t\t\t\t\t<div class=\"elementor-testimonial__image\">\n\t\t\t\t\t\t<img decoding=\"async\" src=\"https:\/\/legal-pilot.com\/wp-content\/uploads\/2021\/07\/Image1.png.webp\" alt=\"Raddouane OUAMA\">\n\t\t\t\t\t\t\t\t\t\t\t<\/div>\n\t\t\t\t\t\t\t\t<cite class=\"elementor-testimonial__cite\"><span class=\"elementor-testimonial__name\">Raddouane OUAMA<\/span><span class=\"elementor-testimonial__title\">Entrepreneurship Project Manager<br>LYVE Lyon Metropolis<\/span><\/cite>\t\t\t<\/div>\n\t\t<\/div>\n\t\t\t\t\t\t\t\t<\/div>\n\t\t\t\t\t\t\t\t\t\t\t<div class=\"swiper-slide\">\n\t\t\t\t\t\t\t\t\t<div class=\"elementor-testimonial\">\n\t\t\t\t\t\t\t<div class=\"elementor-testimonial__content\">\n\t\t\t\t\t<div class=\"elementor-testimonial__text\">\n\t\t\t\t\t\t\"LEGAL PILOT enabled us to provide our merchants with terms and conditions drafted by a lawyer, easily customizable and above all extremely fast. \"\t\t\t\t\t<\/div>\n\t\t\t\t\t\t\t\t\t<\/div>\n\t\t\t\t\t\t<div class=\"elementor-testimonial__footer\">\n\t\t\t\t\t\t\t\t\t<div class=\"elementor-testimonial__image\">\n\t\t\t\t\t\t<img decoding=\"async\" src=\"https:\/\/legal-pilot.com\/wp-content\/uploads\/2021\/01\/1605385220391.jpeg.webp\" alt=\"Pascale Besch\">\n\t\t\t\t\t\t\t\t\t\t\t<\/div>\n\t\t\t\t\t\t\t\t<cite class=\"elementor-testimonial__cite\"><span class=\"elementor-testimonial__name\">Pascale Besch<\/span><span class=\"elementor-testimonial__title\">Assistant Executive Director <br>CCI Nord Is\u00e8re<\/span><\/cite>\t\t\t<\/div>\n\t\t<\/div>\n\t\t\t\t\t\t\t\t<\/div>\n\t\t\t\t\t\t\t\t\t\t\t<div class=\"swiper-slide\">\n\t\t\t\t\t\t\t\t\t<div class=\"elementor-testimonial\">\n\t\t\t\t\t\t\t<div class=\"elementor-testimonial__content\">\n\t\t\t\t\t<div class=\"elementor-testimonial__text\">\n\t\t\t\t\t\t\"Thanks to Legal Pilot, we have been able to automate the creation of standardised contracts and thus free ourselves from time-consuming proofreading and validation. \"\t\t\t\t\t<\/div>\n\t\t\t\t\t\t\t\t\t<\/div>\n\t\t\t\t\t\t<div class=\"elementor-testimonial__footer\">\n\t\t\t\t\t\t\t\t\t<div class=\"elementor-testimonial__image\">\n\t\t\t\t\t\t<img decoding=\"async\" src=\"https:\/\/legal-pilot.com\/wp-content\/uploads\/2022\/02\/1633616727890-300x300.jpg.webp\" alt=\"Sixtine Doineau\">\n\t\t\t\t\t\t\t\t\t\t\t<\/div>\n\t\t\t\t\t\t\t\t<cite class=\"elementor-testimonial__cite\"><span class=\"elementor-testimonial__name\">Sixtine Doineau<\/span><span class=\"elementor-testimonial__title\">General Counsel - DPO<br>Beekast<\/span><\/cite>\t\t\t<\/div>\n\t\t<\/div>\n\t\t\t\t\t\t\t\t<\/div>\n\t\t\t\t\t\t\t\t\t<\/div>\n\t\t\t\t\t\t\t\t\t\t\t\t\t\t\t<div class=\"swiper-pagination\"><\/div>\n\t\t\t\t\t\t\t\t\t\t\t\t\t\t\t\t<div class=\"elementor-swiper-button elementor-swiper-button-prev\" role=\"button\" tabindex=\"0\">\n\t\t\t\t\t\t\t<i aria-hidden=\"true\" class=\"eicon-chevron-left\"><\/i>\t\t\t\t\t\t\t<span class=\"elementor-screen-only\">Previous<\/span>\n\t\t\t\t\t\t<\/div>\n\t\t\t\t\t\t<div class=\"elementor-swiper-button elementor-swiper-button-next\" role=\"button\" tabindex=\"0\">\n\t\t\t\t\t\t\t<i aria-hidden=\"true\" class=\"eicon-chevron-right\"><\/i>\t\t\t\t\t\t\t<span class=\"elementor-screen-only\">Next<\/span>\n\t\t\t\t\t\t<\/div>\n\t\t\t\t\t\t\t\t\t\t\t\t<\/div>\n\t\t<\/div>\n\t\t\t\t<\/div>\n\t\t\t\t<\/div>\n\t\t\t\t\t<\/div>\n\t\t<\/div>\n\t\t\t\t<div class=\"has_eae_slider elementor-column elementor-col-50 elementor-top-column elementor-element elementor-element-aaef89c\" data-eae-slider=\"48961\" data-id=\"aaef89c\" data-element_type=\"column\">\n\t\t\t<div class=\"elementor-widget-wrap elementor-element-populated\">\n\t\t\t\t\t\t<div class=\"elementor-element elementor-element-6f071a5 elementor-widget elementor-widget-heading\" data-id=\"6f071a5\" data-element_type=\"widget\" data-widget_type=\"heading.default\">\n\t\t\t\t<div class=\"elementor-widget-container\">\n\t\t\t<h2 class=\"elementor-heading-title elementor-size-default\">Loved by innovative lawyers, used by entire organisations <\/h2>\t\t<\/div>\n\t\t\t\t<\/div>\n\t\t\t\t<div class=\"elementor-element elementor-element-69f2547 elementor-align-center elementor-widget elementor-widget-button\" data-id=\"69f2547\" data-element_type=\"widget\" data-widget_type=\"button.default\">\n\t\t\t\t<div class=\"elementor-widget-container\">\n\t\t\t\t\t\t\t<div class=\"elementor-button-wrapper\">\n\t\t\t\t\t<a class=\"elementor-button elementor-button-link elementor-size-sm\" href=\"https:\/\/legal-pilot.com\/en\/demo-lp-lien\/\">\n\t\t\t\t\t\t<span class=\"elementor-button-content-wrapper\">\n\t\t\t\t\t\t\t\t\t<span class=\"elementor-button-text\">plan a demonstration<\/span>\n\t\t\t\t\t<\/span>\n\t\t\t\t\t<\/a>\n\t\t\t\t<\/div>\n\t\t\t\t\t\t<\/div>\n\t\t\t\t<\/div>\n\t\t\t\t<div class=\"elementor-element elementor-element-ddb834e elementor-widget elementor-widget-image\" data-id=\"ddb834e\" data-element_type=\"widget\" data-widget_type=\"image.default\">\n\t\t\t\t<div class=\"elementor-widget-container\">\n\t\t\t\t\t\t\t\t\t\t\t\t\t<img fetchpriority=\"high\" decoding=\"async\" width=\"240\" height=\"254\" src=\"https:\/\/legal-pilot.com\/wp-content\/uploads\/2022\/05\/lp-gain-de-temps.svg\" class=\"attachment-large size-large wp-image-233454\" alt=\"\" \/>\t\t\t\t\t\t\t\t\t\t\t\t\t<\/div>\n\t\t\t\t<\/div>\n\t\t\t\t\t<\/div>\n\t\t<\/div>\n\t\t\t\t\t<\/div>\n\t\t<\/section>\n\t\t\t\t<\/div>","protected":false},"excerpt":{"rendered":"<p>Inscrivez-vous \u00e0 la newsletter Legal Pilot \u00ab\u00a0Gr\u00e2ce \u00e0 Legal Pilot, nous avons pu, tout en s\u2019assurant des crit\u00e8res de s\u00e9curisation, rendre la contractualisation de nos contrats plus intuitif avec un process simplifi\u00e9 et une autonomie juridique pour nos utilisateurs. Nos juristes ne sont aujourd\u2019hui sollicit\u00e9s uniquement pour les t\u00e2ches \u00e0 forte valeur ajout\u00e9e.\u00a0\u00bb Thomas Bilourou &#8211; JuristeTDF \u00a0\u00bb Gr\u00e2ce \u00e0 Legal Pilot, nous avons pu param\u00e9trer et int\u00e9grer notre chatbot tr\u00e8s simplement afin de rediriger nos utilisateurs vers la solution adapt\u00e9e \u00e0 leurs besoins \u00ab\u00a0 Raddouane OUAMADirecteur de projet entrepreunariat LYVE M\u00e9tropole de Lyon \u00a0\u00bb LEGAL PILOT nous a permis de mettre \u00e0 disposition de nos commer\u00e7ants des CGV r\u00e9dig\u00e9es par un avocat, personnalisables facilement et surtout extr\u00eamement rapidement. \u00ab\u00a0 Pascale BeschDirectrice g\u00e9n\u00e9rale adjointe CCI Nord Is\u00e8re \u00a0\u00bb Gr\u00e2ce \u00e0 Legal Pilot, nous avons pu automatiser la cr\u00e9ation de contrats norm\u00e9s et ainsi nous lib\u00e9rer des d\u00e9lais de relecture et validation chronophages. \u00ab\u00a0 Sixtine DoineauDirectrice Juridique &#8211; DPO Beekast Pr\u00e9c\u00e9dent Suivant Pl\u00e9biscit\u00e9 par des juristes innovants, utilis\u00e9 par des organisations enti\u00e8res planifiez une d\u00e9monstration<\/p>","protected":false},"author":3,"featured_media":0,"parent":0,"menu_order":0,"comment_status":"closed","ping_status":"closed","template":"","meta":{"content-type":"","footnotes":""},"categories":[],"tags":[],"class_list":["post-235600","page","type-page","status-publish","hentry"],"_links":{"self":[{"href":"https:\/\/legal-pilot.com\/en\/wp-json\/wp\/v2\/pages\/235600","targetHints":{"allow":["GET"]}}],"collection":[{"href":"https:\/\/legal-pilot.com\/en\/wp-json\/wp\/v2\/pages"}],"about":[{"href":"https:\/\/legal-pilot.com\/en\/wp-json\/wp\/v2\/types\/page"}],"author":[{"embeddable":true,"href":"https:\/\/legal-pilot.com\/en\/wp-json\/wp\/v2\/users\/3"}],"replies":[{"embeddable":true,"href":"https:\/\/legal-pilot.com\/en\/wp-json\/wp\/v2\/comments?post=235600"}],"version-history":[{"count":32,"href":"https:\/\/legal-pilot.com\/en\/wp-json\/wp\/v2\/pages\/235600\/revisions"}],"predecessor-version":[{"id":238263,"href":"https:\/\/legal-pilot.com\/en\/wp-json\/wp\/v2\/pages\/235600\/revisions\/238263"}],"wp:attachment":[{"href":"https:\/\/legal-pilot.com\/en\/wp-json\/wp\/v2\/media?parent=235600"}],"wp:term":[{"taxonomy":"category","embeddable":true,"href":"https:\/\/legal-pilot.com\/en\/wp-json\/wp\/v2\/categories?post=235600"},{"taxonomy":"post_tag","embeddable":true,"href":"https:\/\/legal-pilot.com\/en\/wp-json\/wp\/v2\/tags?post=235600"}],"curies":[{"name":"wp","href":"https:\/\/api.w.org\/{rel}","templated":true}]}}