{"id":225942,"date":"2021-02-17T15:19:39","date_gmt":"2021-02-17T14:19:39","guid":{"rendered":"https:\/\/legal-pilot.com\/?page_id=225942"},"modified":"2026-03-16T11:43:19","modified_gmt":"2026-03-16T10:43:19","slug":"automatisation-documents-equipe","status":"publish","type":"page","link":"https:\/\/legal-pilot.com\/en\/automatisation-documents-equipe\/","title":{"rendered":"Team"},"content":{"rendered":"<div data-elementor-type=\"wp-page\" data-elementor-id=\"225942\" class=\"elementor elementor-225942\" data-elementor-post-type=\"page\">\n\t\t\t\t\t\t<section class=\"has_eae_slider elementor-section elementor-top-section elementor-element elementor-element-3bdc4bb elementor-section-boxed elementor-section-height-default elementor-section-height-default wpr-particle-no wpr-jarallax-no wpr-parallax-no wpr-sticky-section-no wpr-equal-height-no\" data-eae-slider=\"40103\" data-id=\"3bdc4bb\" data-element_type=\"section\" data-settings=\"{&quot;background_background&quot;:&quot;classic&quot;}\">\n\t\t\t\t\t\t<div class=\"elementor-container elementor-column-gap-default\">\n\t\t\t\t\t<div class=\"has_eae_slider elementor-column elementor-col-100 elementor-top-column elementor-element elementor-element-27077ec\" data-eae-slider=\"57747\" data-id=\"27077ec\" data-element_type=\"column\">\n\t\t\t<div class=\"elementor-widget-wrap elementor-element-populated\">\n\t\t\t\t\t\t<section class=\"has_eae_slider elementor-section elementor-inner-section elementor-element elementor-element-9428c88 elementor-section-boxed elementor-section-height-default elementor-section-height-default wpr-particle-no wpr-jarallax-no wpr-parallax-no wpr-sticky-section-no wpr-equal-height-no\" data-eae-slider=\"83802\" data-id=\"9428c88\" data-element_type=\"section\">\n\t\t\t\t\t\t<div class=\"elementor-container elementor-column-gap-default\">\n\t\t\t\t\t<div class=\"has_eae_slider elementor-column elementor-col-50 elementor-inner-column elementor-element elementor-element-66215f9\" data-eae-slider=\"19977\" data-id=\"66215f9\" data-element_type=\"column\">\n\t\t\t<div class=\"elementor-widget-wrap elementor-element-populated\">\n\t\t\t\t\t\t<div class=\"elementor-element elementor-element-831f6ae elementor-widget elementor-widget-heading\" data-id=\"831f6ae\" data-element_type=\"widget\" data-widget_type=\"heading.default\">\n\t\t\t\t<div class=\"elementor-widget-container\">\n\t\t\t<h1 class=\"elementor-heading-title elementor-size-default\">A hybrid <br><strong>hybrid<\/strong><\/h1>\t\t<\/div>\n\t\t\t\t<\/div>\n\t\t\t\t<div class=\"elementor-element elementor-element-62709fe elementor-widget elementor-widget-text-editor\" data-id=\"62709fe\" data-element_type=\"widget\" data-widget_type=\"text-editor.default\">\n\t\t\t\t<div class=\"elementor-widget-container\">\n\t\t\t\t\t\t\t<p>The Legal Pilot team consists of lawyers, legal experts, developers and sales and marketing profiles working together to provide you with a simple and intuitive document automation solution.<\/p>\t\t\t\t\t\t<\/div>\n\t\t\t\t<\/div>\n\t\t\t\t<div class=\"elementor-element elementor-element-a10afad elementor-align-left elementor-mobile-align-left elementor-widget elementor-widget-button\" data-id=\"a10afad\" data-element_type=\"widget\" data-widget_type=\"button.default\">\n\t\t\t\t<div class=\"elementor-widget-container\">\n\t\t\t\t\t\t\t<div class=\"elementor-button-wrapper\">\n\t\t\t\t\t<a class=\"elementor-button elementor-button-link elementor-size-sm\" href=\"https:\/\/legal-pilot.com\/en\/contact-legal-pilot\/\">\n\t\t\t\t\t\t<span class=\"elementor-button-content-wrapper\">\n\t\t\t\t\t\t\t\t\t<span class=\"elementor-button-text\">Contact our team<\/span>\n\t\t\t\t\t<\/span>\n\t\t\t\t\t<\/a>\n\t\t\t\t<\/div>\n\t\t\t\t\t\t<\/div>\n\t\t\t\t<\/div>\n\t\t\t\t\t<\/div>\n\t\t<\/div>\n\t\t\t\t<div class=\"has_eae_slider elementor-column elementor-col-50 elementor-inner-column elementor-element elementor-element-2738bb4\" data-eae-slider=\"14739\" data-id=\"2738bb4\" data-element_type=\"column\" data-settings=\"{&quot;background_background&quot;:&quot;classic&quot;}\">\n\t\t\t<div class=\"elementor-widget-wrap elementor-element-populated\">\n\t\t\t\t\t<div class=\"elementor-background-overlay\"><\/div>\n\t\t\t\t\t\t<div class=\"elementor-element elementor-element-7517507 elementor-widget elementor-widget-image\" data-id=\"7517507\" data-element_type=\"widget\" data-widget_type=\"image.default\">\n\t\t\t\t<div class=\"elementor-widget-container\">\n\t\t\t\t\t\t\t\t\t\t\t\t\t<img fetchpriority=\"high\" decoding=\"async\" width=\"608\" height=\"907\" src=\"https:\/\/legal-pilot.com\/wp-content\/uploads\/2022\/11\/LEGAL-PILOT-TEAM.png\" class=\"attachment-large size-large wp-image-237928\" alt=\"Legal Pilot Team\" srcset=\"https:\/\/legal-pilot.com\/wp-content\/uploads\/2022\/11\/LEGAL-PILOT-TEAM.png 608w, https:\/\/legal-pilot.com\/wp-content\/uploads\/2022\/11\/LEGAL-PILOT-TEAM-201x300.png 201w, https:\/\/legal-pilot.com\/wp-content\/uploads\/2022\/11\/LEGAL-PILOT-TEAM-8x12.png 8w\" sizes=\"(max-width: 608px) 100vw, 608px\" \/>\t\t\t\t\t\t\t\t\t\t\t\t\t<\/div>\n\t\t\t\t<\/div>\n\t\t\t\t\t<\/div>\n\t\t<\/div>\n\t\t\t\t\t<\/div>\n\t\t<\/section>\n\t\t\t\t\t<\/div>\n\t\t<\/div>\n\t\t\t\t\t<\/div>\n\t\t<\/section>\n\t\t\t\t<section class=\"has_eae_slider elementor-section elementor-top-section elementor-element elementor-element-0c16352 elementor-section-height-min-height sectionTeam elementor-section-boxed elementor-section-height-default elementor-section-items-middle wpr-particle-no wpr-jarallax-no wpr-parallax-no wpr-sticky-section-no wpr-equal-height-no\" data-eae-slider=\"75734\" data-id=\"0c16352\" data-element_type=\"section\" data-settings=\"{&quot;background_background&quot;:&quot;classic&quot;}\">\n\t\t\t\t\t\t<div class=\"elementor-container elementor-column-gap-default\">\n\t\t\t\t\t<div class=\"has_eae_slider elementor-column elementor-col-33 elementor-top-column elementor-element elementor-element-9e6b7ec\" data-eae-slider=\"27916\" data-id=\"9e6b7ec\" data-element_type=\"column\" data-settings=\"{&quot;background_background&quot;:&quot;classic&quot;}\">\n\t\t\t<div class=\"elementor-widget-wrap elementor-element-populated\">\n\t\t\t\t\t\t<div class=\"elementor-element elementor-element-25e1d09 avatar elementor-widget elementor-widget-image\" data-id=\"25e1d09\" data-element_type=\"widget\" data-widget_type=\"image.default\">\n\t\t\t\t<div class=\"elementor-widget-container\">\n\t\t\t\t\t\t\t\t\t\t\t\t\t<img decoding=\"async\" width=\"600\" height=\"600\" src=\"https:\/\/legal-pilot.com\/wp-content\/uploads\/2026\/03\/thomas_malvoisin_portrait_en_rond.png\" class=\"attachment-large size-large wp-image-240373\" alt=\"\" srcset=\"https:\/\/legal-pilot.com\/wp-content\/uploads\/2026\/03\/thomas_malvoisin_portrait_en_rond.png 600w, https:\/\/legal-pilot.com\/wp-content\/uploads\/2026\/03\/thomas_malvoisin_portrait_en_rond-300x300.png 300w, https:\/\/legal-pilot.com\/wp-content\/uploads\/2026\/03\/thomas_malvoisin_portrait_en_rond-150x150.png 150w, https:\/\/legal-pilot.com\/wp-content\/uploads\/2026\/03\/thomas_malvoisin_portrait_en_rond-12x12.png 12w\" sizes=\"(max-width: 600px) 100vw, 600px\" \/>\t\t\t\t\t\t\t\t\t\t\t\t\t<\/div>\n\t\t\t\t<\/div>\n\t\t\t\t<div class=\"elementor-element elementor-element-5e8b6d0 elementor-widget elementor-widget-heading\" data-id=\"5e8b6d0\" data-element_type=\"widget\" data-widget_type=\"heading.default\">\n\t\t\t\t<div class=\"elementor-widget-container\">\n\t\t\t<h2 class=\"elementor-heading-title elementor-size-default\">Thomas Malvoisin<\/h2>\t\t<\/div>\n\t\t\t\t<\/div>\n\t\t\t\t<div class=\"elementor-element elementor-element-4a060a6 elementor-widget elementor-widget-text-editor\" data-id=\"4a060a6\" data-element_type=\"widget\" data-widget_type=\"text-editor.default\">\n\t\t\t\t<div class=\"elementor-widget-container\">\n\t\t\t\t\t\t\t<p style=\"text-align: center;\">CEO<\/p>\t\t\t\t\t\t<\/div>\n\t\t\t\t<\/div>\n\t\t\t\t<div class=\"elementor-element elementor-element-870c176 elementor-shape-rounded elementor-grid-0 e-grid-align-center elementor-widget elementor-widget-social-icons\" data-id=\"870c176\" data-element_type=\"widget\" data-widget_type=\"social-icons.default\">\n\t\t\t\t<div class=\"elementor-widget-container\">\n\t\t\t\t\t<div class=\"elementor-social-icons-wrapper elementor-grid\">\n\t\t\t\t\t\t\t<span class=\"elementor-grid-item\">\n\t\t\t\t\t<a class=\"elementor-icon elementor-social-icon elementor-social-icon-linkedin elementor-repeater-item-385f077\" href=\"https:\/\/www.linkedin.com\/in\/thomasmalvoisin\/\" target=\"_blank\" rel=\"noopener\">\n\t\t\t\t\t\t<span class=\"elementor-screen-only\">Linkedin<\/span>\n\t\t\t\t\t\t<i class=\"fab fa-linkedin\"><\/i>\t\t\t\t\t<\/a>\n\t\t\t\t<\/span>\n\t\t\t\t\t<\/div>\n\t\t\t\t<\/div>\n\t\t\t\t<\/div>\n\t\t\t\t\t<\/div>\n\t\t<\/div>\n\t\t\t\t<div class=\"has_eae_slider elementor-column elementor-col-33 elementor-top-column elementor-element elementor-element-ef9ee68\" data-eae-slider=\"56427\" data-id=\"ef9ee68\" data-element_type=\"column\" data-settings=\"{&quot;background_background&quot;:&quot;classic&quot;}\">\n\t\t\t<div class=\"elementor-widget-wrap elementor-element-populated\">\n\t\t\t\t\t\t<div class=\"elementor-element elementor-element-165b70d avatar elementor-widget elementor-widget-image\" data-id=\"165b70d\" data-element_type=\"widget\" data-widget_type=\"image.default\">\n\t\t\t\t<div class=\"elementor-widget-container\">\n\t\t\t\t\t\t\t\t\t\t\t\t\t<img decoding=\"async\" width=\"1200\" height=\"1200\" src=\"https:\/\/legal-pilot.com\/wp-content\/uploads\/2026\/03\/photo_portrait_ludovic_giry_rond.png\" class=\"attachment-2048x2048 size-2048x2048 wp-image-240372\" alt=\"photos de ludovic giry, CTO de Legal Pilot &amp; Ubikap\" srcset=\"https:\/\/legal-pilot.com\/wp-content\/uploads\/2026\/03\/photo_portrait_ludovic_giry_rond.png 1200w, https:\/\/legal-pilot.com\/wp-content\/uploads\/2026\/03\/photo_portrait_ludovic_giry_rond-300x300.png 300w, https:\/\/legal-pilot.com\/wp-content\/uploads\/2026\/03\/photo_portrait_ludovic_giry_rond-1024x1024.png 1024w, https:\/\/legal-pilot.com\/wp-content\/uploads\/2026\/03\/photo_portrait_ludovic_giry_rond-150x150.png 150w, https:\/\/legal-pilot.com\/wp-content\/uploads\/2026\/03\/photo_portrait_ludovic_giry_rond-768x768.png 768w, https:\/\/legal-pilot.com\/wp-content\/uploads\/2026\/03\/photo_portrait_ludovic_giry_rond-12x12.png 12w\" sizes=\"(max-width: 1200px) 100vw, 1200px\" \/>\t\t\t\t\t\t\t\t\t\t\t\t\t<\/div>\n\t\t\t\t<\/div>\n\t\t\t\t<div class=\"elementor-element elementor-element-64cf1ca elementor-widget elementor-widget-heading\" data-id=\"64cf1ca\" data-element_type=\"widget\" data-widget_type=\"heading.default\">\n\t\t\t\t<div class=\"elementor-widget-container\">\n\t\t\t<h2 class=\"elementor-heading-title elementor-size-default\">Ludovic Giry<\/h2>\t\t<\/div>\n\t\t\t\t<\/div>\n\t\t\t\t<div class=\"elementor-element elementor-element-9133dfc elementor-widget elementor-widget-text-editor\" data-id=\"9133dfc\" data-element_type=\"widget\" data-widget_type=\"text-editor.default\">\n\t\t\t\t<div class=\"elementor-widget-container\">\n\t\t\t\t\t\t\t<p>CTO<\/p>\t\t\t\t\t\t<\/div>\n\t\t\t\t<\/div>\n\t\t\t\t<div class=\"elementor-element elementor-element-9381373 elementor-shape-rounded elementor-grid-0 e-grid-align-center elementor-widget elementor-widget-social-icons\" data-id=\"9381373\" data-element_type=\"widget\" data-widget_type=\"social-icons.default\">\n\t\t\t\t<div class=\"elementor-widget-container\">\n\t\t\t\t\t<div class=\"elementor-social-icons-wrapper elementor-grid\">\n\t\t\t\t\t\t\t<span class=\"elementor-grid-item\">\n\t\t\t\t\t<a class=\"elementor-icon elementor-social-icon elementor-social-icon-linkedin elementor-repeater-item-385f077\" href=\"https:\/\/www.linkedin.com\/in\/ludovic-giry-84393214b\/\" target=\"_blank\" rel=\"noopener\">\n\t\t\t\t\t\t<span class=\"elementor-screen-only\">Linkedin<\/span>\n\t\t\t\t\t\t<i class=\"fab fa-linkedin\"><\/i>\t\t\t\t\t<\/a>\n\t\t\t\t<\/span>\n\t\t\t\t\t<\/div>\n\t\t\t\t<\/div>\n\t\t\t\t<\/div>\n\t\t\t\t\t<\/div>\n\t\t<\/div>\n\t\t\t\t<div class=\"has_eae_slider elementor-column elementor-col-33 elementor-top-column elementor-element elementor-element-f5a51d1\" data-eae-slider=\"36879\" data-id=\"f5a51d1\" data-element_type=\"column\" data-settings=\"{&quot;background_background&quot;:&quot;classic&quot;}\">\n\t\t\t<div class=\"elementor-widget-wrap elementor-element-populated\">\n\t\t\t\t\t\t<div class=\"elementor-element elementor-element-e1805e2 avatar elementor-widget elementor-widget-image\" data-id=\"e1805e2\" data-element_type=\"widget\" data-widget_type=\"image.default\">\n\t\t\t\t<div class=\"elementor-widget-container\">\n\t\t\t\t\t\t\t\t\t\t\t\t\t<img loading=\"lazy\" decoding=\"async\" width=\"600\" height=\"600\" src=\"https:\/\/legal-pilot.com\/wp-content\/uploads\/2026\/03\/photos_rond_marie_demars.png\" class=\"attachment-large size-large wp-image-240374\" alt=\"\" srcset=\"https:\/\/legal-pilot.com\/wp-content\/uploads\/2026\/03\/photos_rond_marie_demars.png 600w, https:\/\/legal-pilot.com\/wp-content\/uploads\/2026\/03\/photos_rond_marie_demars-300x300.png 300w, https:\/\/legal-pilot.com\/wp-content\/uploads\/2026\/03\/photos_rond_marie_demars-150x150.png 150w, https:\/\/legal-pilot.com\/wp-content\/uploads\/2026\/03\/photos_rond_marie_demars-12x12.png 12w\" sizes=\"(max-width: 600px) 100vw, 600px\" \/>\t\t\t\t\t\t\t\t\t\t\t\t\t<\/div>\n\t\t\t\t<\/div>\n\t\t\t\t<div class=\"elementor-element elementor-element-377fc2d elementor-widget elementor-widget-heading\" data-id=\"377fc2d\" data-element_type=\"widget\" data-widget_type=\"heading.default\">\n\t\t\t\t<div class=\"elementor-widget-container\">\n\t\t\t<h2 class=\"elementor-heading-title elementor-size-default\">Marie Demars<\/h2>\t\t<\/div>\n\t\t\t\t<\/div>\n\t\t\t\t<div class=\"elementor-element elementor-element-9473b08 elementor-widget elementor-widget-text-editor\" data-id=\"9473b08\" data-element_type=\"widget\" data-widget_type=\"text-editor.default\">\n\t\t\t\t<div class=\"elementor-widget-container\">\n\t\t\t\t\t\t\t<p>Responsable Marketing<\/p>\t\t\t\t\t\t<\/div>\n\t\t\t\t<\/div>\n\t\t\t\t<div class=\"elementor-element elementor-element-57f4d4e elementor-shape-rounded elementor-grid-0 e-grid-align-center elementor-widget elementor-widget-social-icons\" data-id=\"57f4d4e\" data-element_type=\"widget\" data-widget_type=\"social-icons.default\">\n\t\t\t\t<div class=\"elementor-widget-container\">\n\t\t\t\t\t<div class=\"elementor-social-icons-wrapper elementor-grid\">\n\t\t\t\t\t\t\t<span class=\"elementor-grid-item\">\n\t\t\t\t\t<a class=\"elementor-icon elementor-social-icon elementor-social-icon-linkedin elementor-repeater-item-385f077\" href=\"https:\/\/www.linkedin.com\/in\/marie-demars-501bb8131\/\" target=\"_blank\" rel=\"noopener\">\n\t\t\t\t\t\t<span class=\"elementor-screen-only\">Linkedin<\/span>\n\t\t\t\t\t\t<i class=\"fab fa-linkedin\"><\/i>\t\t\t\t\t<\/a>\n\t\t\t\t<\/span>\n\t\t\t\t\t<\/div>\n\t\t\t\t<\/div>\n\t\t\t\t<\/div>\n\t\t\t\t\t<\/div>\n\t\t<\/div>\n\t\t\t\t\t<\/div>\n\t\t<\/section>\n\t\t\t\t<section class=\"has_eae_slider elementor-section elementor-top-section elementor-element elementor-element-452ac7f sectionTeam elementor-section-boxed elementor-section-height-default elementor-section-height-default wpr-particle-no wpr-jarallax-no wpr-parallax-no wpr-sticky-section-no wpr-equal-height-no\" data-eae-slider=\"65891\" data-id=\"452ac7f\" data-element_type=\"section\" data-settings=\"{&quot;background_background&quot;:&quot;classic&quot;}\">\n\t\t\t\t\t\t<div class=\"elementor-container elementor-column-gap-default\">\n\t\t\t\t\t<div class=\"has_eae_slider elementor-column elementor-col-50 elementor-top-column elementor-element elementor-element-af6d474\" data-eae-slider=\"77715\" data-id=\"af6d474\" data-element_type=\"column\">\n\t\t\t<div class=\"elementor-widget-wrap elementor-element-populated\">\n\t\t\t\t\t\t<div class=\"elementor-element elementor-element-4085917 avatar elementor-widget elementor-widget-image\" data-id=\"4085917\" data-element_type=\"widget\" data-widget_type=\"image.default\">\n\t\t\t\t<div class=\"elementor-widget-container\">\n\t\t\t\t\t\t\t\t\t\t\t\t\t\t<a href=\"https:\/\/legal-pilot.com\/en\/blog\/portrait-de-pilote-alexandre-marraud-des-grottes\/\">\n\t\t\t\t\t\t\t<img loading=\"lazy\" decoding=\"async\" width=\"600\" height=\"600\" src=\"https:\/\/legal-pilot.com\/wp-content\/uploads\/2026\/03\/chris_valson_lp.png\" class=\"attachment-large size-large wp-image-240375\" alt=\"photos rond portrait de Chris Valson, legal ops et juriste de Legal Pilot, d\u00e9sormais filiale de la soci\u00e9t\u00e9 Ubikap\" srcset=\"https:\/\/legal-pilot.com\/wp-content\/uploads\/2026\/03\/chris_valson_lp.png 600w, https:\/\/legal-pilot.com\/wp-content\/uploads\/2026\/03\/chris_valson_lp-300x300.png 300w, https:\/\/legal-pilot.com\/wp-content\/uploads\/2026\/03\/chris_valson_lp-150x150.png 150w, https:\/\/legal-pilot.com\/wp-content\/uploads\/2026\/03\/chris_valson_lp-12x12.png 12w\" sizes=\"(max-width: 600px) 100vw, 600px\" \/>\t\t\t\t\t\t\t\t<\/a>\n\t\t\t\t\t\t\t\t\t\t\t\t\t<\/div>\n\t\t\t\t<\/div>\n\t\t\t\t<div class=\"elementor-element elementor-element-689bda5 elementor-widget elementor-widget-heading\" data-id=\"689bda5\" data-element_type=\"widget\" data-widget_type=\"heading.default\">\n\t\t\t\t<div class=\"elementor-widget-container\">\n\t\t\t<h2 class=\"elementor-heading-title elementor-size-default\">Chris <br>VASLON<\/h2>\t\t<\/div>\n\t\t\t\t<\/div>\n\t\t\t\t<div class=\"elementor-element elementor-element-f8433af elementor-widget elementor-widget-text-editor\" data-id=\"f8433af\" data-element_type=\"widget\" data-widget_type=\"text-editor.default\">\n\t\t\t\t<div class=\"elementor-widget-container\">\n\t\t\t\t\t\t\t<p>Legal Officer<br \/>LegalOp<\/p>\t\t\t\t\t\t<\/div>\n\t\t\t\t<\/div>\n\t\t\t\t<div class=\"elementor-element elementor-element-64c7194 elementor-shape-rounded elementor-grid-0 e-grid-align-center elementor-widget elementor-widget-social-icons\" data-id=\"64c7194\" data-element_type=\"widget\" data-widget_type=\"social-icons.default\">\n\t\t\t\t<div class=\"elementor-widget-container\">\n\t\t\t\t\t<div class=\"elementor-social-icons-wrapper elementor-grid\">\n\t\t\t\t\t\t\t<span class=\"elementor-grid-item\">\n\t\t\t\t\t<a class=\"elementor-icon elementor-social-icon elementor-social-icon-linkedin elementor-repeater-item-385f077\" href=\"https:\/\/www.linkedin.com\/in\/chris-vaslon-5277a419a\/\" target=\"_blank\" rel=\"noopener\">\n\t\t\t\t\t\t<span class=\"elementor-screen-only\">Linkedin<\/span>\n\t\t\t\t\t\t<i class=\"fab fa-linkedin\"><\/i>\t\t\t\t\t<\/a>\n\t\t\t\t<\/span>\n\t\t\t\t\t<\/div>\n\t\t\t\t<\/div>\n\t\t\t\t<\/div>\n\t\t\t\t\t<\/div>\n\t\t<\/div>\n\t\t\t\t<div class=\"has_eae_slider elementor-column elementor-col-50 elementor-top-column elementor-element elementor-element-bafd0ed\" data-eae-slider=\"50908\" data-id=\"bafd0ed\" data-element_type=\"column\">\n\t\t\t<div class=\"elementor-widget-wrap elementor-element-populated\">\n\t\t\t\t\t\t<div class=\"elementor-element elementor-element-d56bb80 avatar elementor-widget elementor-widget-image\" data-id=\"d56bb80\" data-element_type=\"widget\" data-widget_type=\"image.default\">\n\t\t\t\t<div class=\"elementor-widget-container\">\n\t\t\t\t\t\t\t\t\t\t\t\t\t\t<a href=\"https:\/\/legal-pilot.com\/en\/blog\/portrait-de-pilote-joachim-darmalingon\/\">\n\t\t\t\t\t\t\t<img loading=\"lazy\" decoding=\"async\" width=\"600\" height=\"600\" src=\"https:\/\/legal-pilot.com\/wp-content\/uploads\/2026\/03\/farid_abdallah_photo_rond.png\" class=\"attachment-large size-large wp-image-240376\" alt=\"\" srcset=\"https:\/\/legal-pilot.com\/wp-content\/uploads\/2026\/03\/farid_abdallah_photo_rond.png 600w, https:\/\/legal-pilot.com\/wp-content\/uploads\/2026\/03\/farid_abdallah_photo_rond-300x300.png 300w, https:\/\/legal-pilot.com\/wp-content\/uploads\/2026\/03\/farid_abdallah_photo_rond-150x150.png 150w, https:\/\/legal-pilot.com\/wp-content\/uploads\/2026\/03\/farid_abdallah_photo_rond-12x12.png 12w\" sizes=\"(max-width: 600px) 100vw, 600px\" \/>\t\t\t\t\t\t\t\t<\/a>\n\t\t\t\t\t\t\t\t\t\t\t\t\t<\/div>\n\t\t\t\t<\/div>\n\t\t\t\t<div class=\"elementor-element elementor-element-25157a9 elementor-widget elementor-widget-heading\" data-id=\"25157a9\" data-element_type=\"widget\" data-widget_type=\"heading.default\">\n\t\t\t\t<div class=\"elementor-widget-container\">\n\t\t\t<h2 class=\"elementor-heading-title elementor-size-default\">Farid <br>ABDALLAH <\/h2>\t\t<\/div>\n\t\t\t\t<\/div>\n\t\t\t\t<div class=\"elementor-element elementor-element-7cb6431 elementor-widget elementor-widget-text-editor\" data-id=\"7cb6431\" data-element_type=\"widget\" data-widget_type=\"text-editor.default\">\n\t\t\t\t<div class=\"elementor-widget-container\">\n\t\t\t\t\t\t\t<p style=\"text-align: center;\"><br \/>Full Stack Developer<\/p>\t\t\t\t\t\t<\/div>\n\t\t\t\t<\/div>\n\t\t\t\t<div class=\"elementor-element elementor-element-8ba34fa elementor-shape-rounded elementor-grid-0 e-grid-align-center elementor-widget elementor-widget-social-icons\" data-id=\"8ba34fa\" data-element_type=\"widget\" data-widget_type=\"social-icons.default\">\n\t\t\t\t<div class=\"elementor-widget-container\">\n\t\t\t\t\t<div class=\"elementor-social-icons-wrapper elementor-grid\">\n\t\t\t\t\t\t\t<span class=\"elementor-grid-item\">\n\t\t\t\t\t<a class=\"elementor-icon elementor-social-icon elementor-social-icon-linkedin elementor-repeater-item-385f077\" href=\"https:\/\/www.linkedin.com\/in\/farid-abdallah\/\" target=\"_blank\" rel=\"noopener\">\n\t\t\t\t\t\t<span class=\"elementor-screen-only\">Linkedin<\/span>\n\t\t\t\t\t\t<i class=\"fab fa-linkedin\"><\/i>\t\t\t\t\t<\/a>\n\t\t\t\t<\/span>\n\t\t\t\t\t<\/div>\n\t\t\t\t<\/div>\n\t\t\t\t<\/div>\n\t\t\t\t\t<\/div>\n\t\t<\/div>\n\t\t\t\t\t<\/div>\n\t\t<\/section>\n\t\t\t\t<section class=\"has_eae_slider elementor-section elementor-top-section elementor-element elementor-element-6932941 elementor-section-boxed elementor-section-height-default elementor-section-height-default wpr-particle-no wpr-jarallax-no wpr-parallax-no wpr-sticky-section-no wpr-equal-height-no\" data-eae-slider=\"11950\" data-id=\"6932941\" data-element_type=\"section\">\n\t\t\t\t\t\t<div class=\"elementor-container elementor-column-gap-default\">\n\t\t\t\t\t<div class=\"has_eae_slider elementor-column elementor-col-100 elementor-top-column elementor-element elementor-element-4a4d819\" data-eae-slider=\"58681\" data-id=\"4a4d819\" data-element_type=\"column\">\n\t\t\t<div class=\"elementor-widget-wrap elementor-element-populated\">\n\t\t\t\t\t\t<div class=\"elementor-element elementor-element-e68b558 elementor-align-center elementor-mobile-align-left elementor-widget elementor-widget-button\" data-id=\"e68b558\" data-element_type=\"widget\" data-widget_type=\"button.default\">\n\t\t\t\t<div class=\"elementor-widget-container\">\n\t\t\t\t\t\t\t<div class=\"elementor-button-wrapper\">\n\t\t\t\t\t<a class=\"elementor-button elementor-button-link elementor-size-sm\" href=\"https:\/\/legal-pilot.com\/fr\/automatisation-documents-nous-rejoindre\/\">\n\t\t\t\t\t\t<span class=\"elementor-button-content-wrapper\">\n\t\t\t\t\t\t\t\t\t<span class=\"elementor-button-text\">Join the team<\/span>\n\t\t\t\t\t<\/span>\n\t\t\t\t\t<\/a>\n\t\t\t\t<\/div>\n\t\t\t\t\t\t<\/div>\n\t\t\t\t<\/div>\n\t\t\t\t\t<\/div>\n\t\t<\/div>\n\t\t\t\t\t<\/div>\n\t\t<\/section>\n\t\t\t\t<\/div>","protected":false},"excerpt":{"rendered":"<p>Une \u00e9quipe hybride L&rsquo;\u00e9quipe de Legal Pilot se compose d&rsquo;avocats, de juristes, de d\u00e9veloppeurs et de profils commerciaux et marketing travaillant ensemble pour vous proposer une solution d&rsquo;automatisation de documents \u00e0 la fois simple et intuitive. Contactez notre \u00e9quipe Thomas Malvoisin CEO Linkedin Ludovic Giry CTO Linkedin Marie Demars Responsable Marketing Linkedin Chris VASLON JuristeLegalOp Linkedin Farid ABDALLAH D\u00e9veloppeur Full Stack Linkedin Rejoignez l&rsquo;\u00e9quipe<\/p>","protected":false},"author":3,"featured_media":226108,"parent":0,"menu_order":0,"comment_status":"closed","ping_status":"closed","template":"elementor_header_footer","meta":{"content-type":"","footnotes":""},"categories":[],"tags":[],"class_list":["post-225942","page","type-page","status-publish","has-post-thumbnail","hentry"],"_links":{"self":[{"href":"https:\/\/legal-pilot.com\/en\/wp-json\/wp\/v2\/pages\/225942","targetHints":{"allow":["GET"]}}],"collection":[{"href":"https:\/\/legal-pilot.com\/en\/wp-json\/wp\/v2\/pages"}],"about":[{"href":"https:\/\/legal-pilot.com\/en\/wp-json\/wp\/v2\/types\/page"}],"author":[{"embeddable":true,"href":"https:\/\/legal-pilot.com\/en\/wp-json\/wp\/v2\/users\/3"}],"replies":[{"embeddable":true,"href":"https:\/\/legal-pilot.com\/en\/wp-json\/wp\/v2\/comments?post=225942"}],"version-history":[{"count":340,"href":"https:\/\/legal-pilot.com\/en\/wp-json\/wp\/v2\/pages\/225942\/revisions"}],"predecessor-version":[{"id":240379,"href":"https:\/\/legal-pilot.com\/en\/wp-json\/wp\/v2\/pages\/225942\/revisions\/240379"}],"wp:featuredmedia":[{"embeddable":true,"href":"https:\/\/legal-pilot.com\/en\/wp-json\/wp\/v2\/media\/226108"}],"wp:attachment":[{"href":"https:\/\/legal-pilot.com\/en\/wp-json\/wp\/v2\/media?parent=225942"}],"wp:term":[{"taxonomy":"category","embeddable":true,"href":"https:\/\/legal-pilot.com\/en\/wp-json\/wp\/v2\/categories?post=225942"},{"taxonomy":"post_tag","embeddable":true,"href":"https:\/\/legal-pilot.com\/en\/wp-json\/wp\/v2\/tags?post=225942"}],"curies":[{"name":"wp","href":"https:\/\/api.w.org\/{rel}","templated":true}]}}