{"id":214706,"date":"2019-10-04T15:20:20","date_gmt":"2019-10-04T13:20:20","guid":{"rendered":"https:\/\/legal-pilot.com\/?page_id=214706"},"modified":"2026-03-16T11:12:30","modified_gmt":"2026-03-16T10:12:30","slug":"mentions-legales","status":"publish","type":"page","link":"https:\/\/legal-pilot.com\/en\/mentions-legales\/","title":{"rendered":"Legal Notice"},"content":{"rendered":"<div data-elementor-type=\"wp-page\" data-elementor-id=\"214706\" class=\"elementor elementor-214706\" data-elementor-post-type=\"page\">\n\t\t\t\t\t\t<section class=\"has_eae_slider elementor-section elementor-top-section elementor-element elementor-element-a214b70 elementor-section-boxed elementor-section-height-default elementor-section-height-default wpr-particle-no wpr-jarallax-no wpr-parallax-no wpr-sticky-section-no wpr-equal-height-no\" data-eae-slider=\"15886\" data-id=\"a214b70\" data-element_type=\"section\" data-settings=\"{&quot;background_background&quot;:&quot;classic&quot;}\">\n\t\t\t\t\t\t<div class=\"elementor-container elementor-column-gap-default\">\n\t\t\t\t\t<div class=\"has_eae_slider elementor-column elementor-col-100 elementor-top-column elementor-element elementor-element-b0cd7f0\" data-eae-slider=\"66613\" data-id=\"b0cd7f0\" data-element_type=\"column\">\n\t\t\t<div class=\"elementor-widget-wrap elementor-element-populated\">\n\t\t\t\t\t\t<section class=\"has_eae_slider elementor-section elementor-inner-section elementor-element elementor-element-4cc795c elementor-section-boxed elementor-section-height-default elementor-section-height-default wpr-particle-no wpr-jarallax-no wpr-parallax-no wpr-sticky-section-no wpr-equal-height-no\" data-eae-slider=\"34877\" data-id=\"4cc795c\" data-element_type=\"section\">\n\t\t\t\t\t\t<div class=\"elementor-container elementor-column-gap-default\">\n\t\t\t\t\t<div class=\"has_eae_slider elementor-column elementor-col-100 elementor-inner-column elementor-element elementor-element-9cd3c3c\" data-eae-slider=\"15104\" data-id=\"9cd3c3c\" data-element_type=\"column\">\n\t\t\t<div class=\"elementor-widget-wrap elementor-element-populated\">\n\t\t\t\t\t\t<div class=\"elementor-element elementor-element-3021d93 elementor-widget elementor-widget-heading\" data-id=\"3021d93\" data-element_type=\"widget\" data-widget_type=\"heading.default\">\n\t\t\t\t<div class=\"elementor-widget-container\">\n\t\t\t<h1 class=\"elementor-heading-title elementor-size-default\">Legal Notice <\/h1>\t\t<\/div>\n\t\t\t\t<\/div>\n\t\t\t\t\t<\/div>\n\t\t<\/div>\n\t\t\t\t\t<\/div>\n\t\t<\/section>\n\t\t\t\t\t<\/div>\n\t\t<\/div>\n\t\t\t\t\t<\/div>\n\t\t<\/section>\n\t\t\t\t<section class=\"has_eae_slider elementor-section elementor-top-section elementor-element elementor-element-5b716a4f elementor-section-boxed elementor-section-height-default elementor-section-height-default wpr-particle-no wpr-jarallax-no wpr-parallax-no wpr-sticky-section-no wpr-equal-height-no\" data-eae-slider=\"6798\" data-id=\"5b716a4f\" data-element_type=\"section\">\n\t\t\t\t\t\t<div class=\"elementor-container elementor-column-gap-default\">\n\t\t\t\t\t<div class=\"has_eae_slider elementor-column elementor-col-100 elementor-top-column elementor-element elementor-element-1d4e60ba\" data-eae-slider=\"57736\" data-id=\"1d4e60ba\" data-element_type=\"column\">\n\t\t\t<div class=\"elementor-widget-wrap elementor-element-populated\">\n\t\t\t\t\t\t<div class=\"elementor-element elementor-element-54bc38d elementor-widget elementor-widget-text-editor\" data-id=\"54bc38d\" data-element_type=\"widget\" data-widget_type=\"text-editor.default\">\n\t\t\t\t<div class=\"elementor-widget-container\">\n\t\t\t\t\t\t\t<h2><span style=\"font-family: inherit; font-size: 2rem; color: #2e2e40;\">General information<\/span><\/h2><p>Ce site est \u00e9dit\u00e9 par LEGAL PILOT, d\u00e9sormais filiale du groupe UBIKAP.<br \/><br \/><\/p><div class=\"mentions-legales_item\"><p class=\"text-color-primary text-weight-semibold\"><strong>\u00c9diteur du site Internet :<\/strong><\/p><p class=\"text-color-primary\">D\u00e9nomination sociale de l\u2019\u00e9diteur : Ubikap<br \/>Statut de la soci\u00e9t\u00e9 : Soci\u00e9t\u00e9 par actions simplifi\u00e9e<br \/>RCS : Lyon n\u00b0897 937 157<br \/>N\u00b0 TVA intracommunautaire : FR39897937157<br \/>Capital social : 14 619,00 \u20ac<br \/>Si\u00e8ge social : 66 rue du Pr\u00e9sident \u00c9douard Herriot, Chez 66EH \u2013 69002 \u2013 Lyon<br \/><br \/><\/p><\/div><div class=\"mentions-legales_item\"><p class=\"text-color-primary text-weight-semibold\"><strong>Repr\u00e9sentant l\u00e9gal :<\/strong><\/p><p class=\"text-color-primary\">Thomas Malvoisin, Pr\u00e9sident<br \/><br \/><\/p><\/div><div class=\"mentions-legales_item\"><p class=\"text-color-primary text-weight-semibold\"><strong>Directeur de la publication :<\/strong><\/p><p class=\"text-color-primary\">Thomas Malvoisin, Pr\u00e9sident<\/p><\/div><p>\u00a0<\/p><h2><span style=\"color: #2e2e40;\">Hosting<\/span><\/h2><p>The LEGAL PILOT website is hosted by OVH, a SAS with a capital of 10,000,000 euros, registered in the Roubaix Tourcoing Trade and Companies Register under no. 424 761 419, whose head office is located at 2 rue Kellerman in Roubaix (59100).<\/p><h2><span style=\"color: #2e2e40;\"><br \/>Technical design<\/span><\/h2><p>The technical developments of the site and the software are ensured by the company Legal Pilot.<\/p>\t\t\t\t\t\t<\/div>\n\t\t\t\t<\/div>\n\t\t\t\t\t<\/div>\n\t\t<\/div>\n\t\t\t\t\t<\/div>\n\t\t<\/section>\n\t\t\t\t<\/div>","protected":false},"excerpt":{"rendered":"<p>Mentions l\u00e9gales Informations g\u00e9n\u00e9rales Ce site est \u00e9dit\u00e9 par LEGAL PILOT, d\u00e9sormais filiale du groupe UBIKAP. \u00c9diteur du site Internet : D\u00e9nomination sociale de l\u2019\u00e9diteur : UbikapStatut de la soci\u00e9t\u00e9 : Soci\u00e9t\u00e9 par actions simplifi\u00e9eRCS : Lyon n\u00b0897 937 157N\u00b0 TVA intracommunautaire : FR39897937157Capital social : 14 619,00 \u20acSi\u00e8ge social : 66 rue du Pr\u00e9sident \u00c9douard Herriot, Chez 66EH \u2013 69002 \u2013 Lyon Repr\u00e9sentant l\u00e9gal : Thomas Malvoisin, Pr\u00e9sident Directeur de la publication : Thomas Malvoisin, Pr\u00e9sident \u00a0 H\u00e9bergement L\u2019h\u00e9bergement du site LEGAL PILOT est assur\u00e9 par la soci\u00e9t\u00e9 OVH, SAS au capital de 10 000 000 euros, immatricul\u00e9e au RCS de Roubaix Tourcoing sous le n\u00b0424 761 419, dont le si\u00e8ge social situ\u00e9 2 rue Kellerman \u00e0 Roubaix (59100). Conception technique Les d\u00e9veloppements techniques du site et du logiciel sont assur\u00e9s par la soci\u00e9t\u00e9 Legal Pilot.<\/p>","protected":false},"author":3,"featured_media":0,"parent":0,"menu_order":0,"comment_status":"closed","ping_status":"closed","template":"elementor_header_footer","meta":{"content-type":"","footnotes":""},"categories":[],"tags":[],"class_list":["post-214706","page","type-page","status-publish","hentry"],"_links":{"self":[{"href":"https:\/\/legal-pilot.com\/en\/wp-json\/wp\/v2\/pages\/214706","targetHints":{"allow":["GET"]}}],"collection":[{"href":"https:\/\/legal-pilot.com\/en\/wp-json\/wp\/v2\/pages"}],"about":[{"href":"https:\/\/legal-pilot.com\/en\/wp-json\/wp\/v2\/types\/page"}],"author":[{"embeddable":true,"href":"https:\/\/legal-pilot.com\/en\/wp-json\/wp\/v2\/users\/3"}],"replies":[{"embeddable":true,"href":"https:\/\/legal-pilot.com\/en\/wp-json\/wp\/v2\/comments?post=214706"}],"version-history":[{"count":22,"href":"https:\/\/legal-pilot.com\/en\/wp-json\/wp\/v2\/pages\/214706\/revisions"}],"predecessor-version":[{"id":240360,"href":"https:\/\/legal-pilot.com\/en\/wp-json\/wp\/v2\/pages\/214706\/revisions\/240360"}],"wp:attachment":[{"href":"https:\/\/legal-pilot.com\/en\/wp-json\/wp\/v2\/media?parent=214706"}],"wp:term":[{"taxonomy":"category","embeddable":true,"href":"https:\/\/legal-pilot.com\/en\/wp-json\/wp\/v2\/categories?post=214706"},{"taxonomy":"post_tag","embeddable":true,"href":"https:\/\/legal-pilot.com\/en\/wp-json\/wp\/v2\/tags?post=214706"}],"curies":[{"name":"wp","href":"https:\/\/api.w.org\/{rel}","templated":true}]}}